{"id":151,"date":"2019-05-17T13:00:04","date_gmt":"2019-05-17T13:00:04","guid":{"rendered":"http:\/\/gabi.extendstudio.net\/city\/?page_id=151"},"modified":"2025-05-05T22:20:14","modified_gmt":"2025-05-05T22:20:14","slug":"history","status":"publish","type":"page","link":"https:\/\/www.apjbrito.com\/index.php\/history\/","title":{"rendered":"Hist\u00f3ria"},"content":{"rendered":"<div data-colibri-id=\"151-c1\" class=\"style-379 style-local-151-c1 position-relative\">\r\n  <!---->\r\n  <div data-colibri-component=\"section\" data-colibri-id=\"151-c2\" id=\"about\" class=\"h-section h-section-global-spacing d-flex align-items-lg-center align-items-md-center align-items-center style-497 style-local-151-c2 position-relative\">\r\n    <!---->\r\n    <!---->\r\n    <div class=\"h-section-grid-container h-section-fluid-container\">\r\n      <!---->\r\n      <div data-colibri-id=\"151-c3\" class=\"h-row-container gutters-row-lg-0 gutters-row-md-0 gutters-row-0 gutters-row-v-lg-0 gutters-row-v-md-0 gutters-row-v-0 style-498 style-local-151-c3 position-relative\">\r\n        <!---->\r\n        <div class=\"h-row justify-content-lg-center justify-content-md-center justify-content-center align-items-lg-stretch align-items-md-stretch align-items-stretch gutters-col-lg-0 gutters-col-md-0 gutters-col-0 gutters-col-v-lg-0 gutters-col-v-md-0 gutters-col-v-0\">\r\n          <!---->\r\n          <div class=\"h-column h-column-container d-flex h-col-lg-auto h-col-md-auto h-col-auto style-499-outer style-local-151-c4-outer\">\r\n            <div data-colibri-id=\"151-c4\" class=\"d-flex h-flex-basis h-column__inner h-px-lg-0 h-px-md-0 h-px-0 v-inner-lg-0 v-inner-md-0 v-inner-0 style-499 style-local-151-c4 position-relative\">\r\n              <!---->\r\n              <!---->\r\n              <div class=\"w-100 h-y-container h-column__content h-column__v-align flex-basis-100 align-self-lg-start align-self-md-start align-self-start\">\r\n                <!---->\r\n                <div data-colibri-id=\"151-c5\" class=\"h-global-transition-all h-heading style-501 style-local-151-c5 position-relative h-element\">\r\n                  <!---->\r\n                  <div class=\"h-heading__outer style-501 style-local-151-c5\">\r\n                    <!---->\r\n                    <!---->\r\n                    <h2 class=\"\">PATRONO<\/h2>\r\n                  <\/div>\r\n                <\/div>\r\n                <div data-colibri-id=\"151-c6\" class=\"h-text h-text-component style-503 style-local-151-c6 position-relative h-element\">\r\n                  <!---->\r\n                  <!---->\r\n                  <div class=\"\">\r\n                    <p><strong>Jos\u00e9 de Brito<\/strong>&nbsp;nasceu a&nbsp;<strong>18 de Fevereiro de 1855<\/strong>, em&nbsp;<strong>Santa Marta de Portuzelo<\/strong>, nas proximidades da escola. Oriundo de uma fam\u00edlia pobre, o seu gosto pelo desenho foi incentivado,\r\n                      na adolesc\u00eancia, pelo Morgado da Casa da Pregui\u00e7a, fidalgo de quem se atreveu a fazer uma caricatura.<\/p>\r\n                    <p>Estudou na Academia Portuense de Belas Artes, passando pelos Cursos de Pintura Hist\u00f3rica, Escultura e Arquitectura Civil. Teve como professores figuras ilustres como Tadeu Furtado, Jo\u00e3o Correia, Arquitecto Sardinha e o Escultor Soares\r\n                      dos Reis. Na academia foi tamb\u00e9m companheiro do Pintor Henrique Pous\u00e3o. Outros artistas como Marques de Oliveira e Silva Porto inspiraram Jos\u00e9 de Brito.<\/p>\r\n                    <p>Os seus estudos foram acompanhados de trabalho, retocando chapas fotogr\u00e1ficas e fazendo desenhos para jornais.<\/p>\r\n                    <p>Atrav\u00e9s de Ramalho Ortig\u00e3o, foi apresentado ao rei D. Fernando II, obtendo uma bolsa para continuar os estudos em Paris, capital das artes. Ingressou na Academia Julien e, em 1888 exp\u00f4s pela primeira vez no Salon de Paris. Em 1895,\r\n                      foi premiado com o trabalho &#8220;<strong><em>O M\u00e1rtir do Fanatismo<\/em><\/strong>\u201d que mereceu reprodu\u00e7\u00e3o na &#8220;Illustration Fran\u00e7aise&#8221;. V\u00e1rios Jornais como o &#8220;Quotidien Ilustr\u00e9&#8221;, a &#8220;Gazette de France&#8221; e &#8220;L&#8217;Art Fran\u00e7aise&#8221;, lhe deram destaque.\r\n                      A tela foi adquirida pelo Estado em 1911. Fez parte da 9\u00aa exposi\u00e7\u00e3o do Ateneu, da Exposi\u00e7\u00e3o do Gr\u00e9mio Art\u00edstico em 1898 e da &#8220;Exposition Universelle de 1900&#8221;, em Paris. Actualmente a obra pertence \u00e0 colec\u00e7\u00e3o do Museu do Chiado.<\/p>\r\n                  <\/div>\r\n                <\/div>\r\n              <\/div>\r\n            <\/div>\r\n          <\/div>\r\n          <div class=\"h-column h-column-container d-flex h-col-lg-auto h-col-md-auto h-col-auto style-500-outer style-local-151-c7-outer\">\r\n            <div data-colibri-id=\"151-c7\" class=\"d-flex h-flex-basis h-column__inner h-ui-empty-state-container h-px-lg-0 h-px-md-0 h-px-0 v-inner-lg-0 v-inner-md-0 v-inner-0 style-500 style-local-151-c7 position-relative\">\r\n              <!---->\r\n              <!---->\r\n              <div class=\"w-100 h-y-container h-column__content h-column__v-align flex-basis-100\">\r\n                <!---->\r\n              <\/div>\r\n            <\/div>\r\n          <\/div>\r\n        <\/div>\r\n      <\/div>\r\n    <\/div>\r\n  <\/div>\r\n  <div data-colibri-component=\"section\" data-colibri-id=\"151-c8\" id=\"years\" class=\"h-section h-section-global-spacing d-flex align-items-lg-center align-items-md-center align-items-center style-505 style-local-151-c8 position-relative\">\r\n    <!---->\r\n    <!---->\r\n    <div class=\"h-section-grid-container h-section-fluid-container\">\r\n      <!---->\r\n      <div data-colibri-id=\"151-c9\" class=\"h-row-container gutters-row-lg-0 gutters-row-md-0 gutters-row-0 gutters-row-v-lg-0 gutters-row-v-md-0 gutters-row-v-0 style-506 style-local-151-c9 position-relative\">\r\n        <!---->\r\n        <div class=\"h-row justify-content-lg-center justify-content-md-center justify-content-center align-items-lg-stretch align-items-md-stretch align-items-stretch gutters-col-lg-0 gutters-col-md-0 gutters-col-0 gutters-col-v-lg-0 gutters-col-v-md-0 gutters-col-v-0\">\r\n          <!---->\r\n          <div class=\"h-column h-column-container d-flex h-col-lg-auto h-col-md-auto h-col-auto style-507-outer style-local-151-c10-outer\">\r\n            <div data-colibri-id=\"151-c10\" class=\"d-flex h-flex-basis h-column__inner h-ui-empty-state-container h-px-lg-0 h-px-md-0 h-px-0 v-inner-lg-0 v-inner-md-0 v-inner-0 style-507 style-local-151-c10 position-relative\">\r\n              <!---->\r\n              <!---->\r\n              <div class=\"w-100 h-y-container h-column__content h-column__v-align flex-basis-100\">\r\n                <!---->\r\n              <\/div>\r\n            <\/div>\r\n          <\/div>\r\n          <div class=\"h-column h-column-container d-flex h-col-lg-auto h-col-md-auto h-col-auto style-508-outer style-local-151-c11-outer\">\r\n            <div data-colibri-id=\"151-c11\" class=\"d-flex h-flex-basis h-column__inner h-px-lg-2 h-px-md-2 h-px-2 v-inner-lg-2 v-inner-md-2 v-inner-2 style-508 style-local-151-c11 position-relative\">\r\n              <!---->\r\n              <!---->\r\n              <div class=\"w-100 h-y-container h-column__content h-column__v-align flex-basis-100 align-self-lg-start align-self-md-start align-self-start\">\r\n                <!---->\r\n                <div data-colibri-id=\"151-c12\" class=\"style-514 style-local-151-c12 position-relative h-element\">\r\n                  <!---->\r\n                <\/div>\r\n                <div data-colibri-id=\"151-c13\" class=\"h-text h-text-component style-512 style-local-151-c13 position-relative h-element\">\r\n                  <!---->\r\n                  <!---->\r\n                  <div class=\"\">\r\n                    <p>Ap\u00f3s a morte do rei D. Fernando, Jos\u00e9 de Brito prosseguiu os estudos, subsidiado pelo Estado, at\u00e9 ao Ultimatum, em 1890, quando como patriota prescinde da pens\u00e3o. Para sobreviver chegou mesmo a participar, com outros artistas, como\r\n                      figurante na &#8220;Opera&#8221; de Paris.<\/p>\r\n                    <p>Durante os onze anos que viveu em Paris, a sua atitude corajosa venceu-lhe as dificuldades. Constituiu fam\u00edlia e l\u00e1 nasceu o primeiro dos quatro filhos, que mais tarde integrou tamb\u00e9m o corpo docente da Escola de Belas Artes.<\/p>\r\n                    <p>Em Paris contactou com grandes valores das artes e da literatura. Foi amigo de E\u00e7a de Queir\u00f3s, de Eduardo Prado e de Mariano Pina.<\/p>\r\n                    <p>Regressou a Portugal em 1901 para ensinar Desenho Hist\u00f3rico na Academia Portuense de Belas Artes, onde leccionou at\u00e9 \u00e0 aposenta\u00e7\u00e3o. Foi aprovado no concurso com o trabalho &#8220;<strong><em>O Bom Samaritano<\/em><\/strong>&#8220;, composi\u00e7\u00e3o que\r\n                      a escola conserva ainda hoje no museu. Relacionou-se com escritores e artistas como Eug\u00e9nio de Castro, Silva Gaio, Correia de Oliveira e Ant\u00f3nio de Vasconcelos. Conheceu ainda o grande Mestre Soares dos Reis que, desde cedo, lhe\r\n                      reconheceu valor.<\/p>\r\n                    <p>Bom retratista, ex\u00edmio no desenho do n\u00fa, evidenciou-se tamb\u00e9m em paisagens dos tipos e costumes minhotos como provam &#8220;<strong>P\u00e1scoa na Aldeia<\/strong>&#8220;, &#8220;<strong>Prociss\u00e3o dos Entravados<\/strong>&#8221; e &#8220;<strong>Prociss\u00e3o no Minho<\/strong>&#8220;.\r\n                      A sua obra encontra-se espalhada por colec\u00e7\u00f5es oficiais e particulares, sobretudo na cidade do Porto.<\/p>\r\n                    <p>Um acentuado anticlericalismo e um patriotismo sincero levaram-no a uma f\u00e9 republicana que viria a exprimir-se, em 1911, na entusi\u00e1stica obra &#8220;<strong>Alegoria ao 5 de Outubro<\/strong>&#8220;.<\/p>\r\n                    <p>Em 1928, no Sal\u00e3o Silva Porto, exp\u00f5e individualmente 42 trabalhos &#8211; \u00f3leo, pastel, aguarela e carv\u00e3o. Participa tamb\u00e9m em exposi\u00e7\u00f5es do Ateneu Comercial do Porto, do Gr\u00e9mio Art\u00edstico e da Sociedade Nacional de Belas-Artes. No estrangeiro,\r\n                      para al\u00e9m do Salon de Paris e da Sociedade Nacional de Belas-Artes, esteve presente no Rio de Janeiro, na Universal de Paris e na Internacional Panam\u00e1-Pac\u00edfico.<\/p>\r\n                    <p>Quando completou oitenta e um anos de idade, o Mestre Silva Porto descerrou o medalh\u00e3o de bronze com o seu busto na sua antiga sala de desenho. Outras manifesta\u00e7\u00f5es de reconhecimento e amizade profunda se lhe seguiram, como a Exposi\u00e7\u00e3o\r\n                      de Homenagem aos Mestres Jos\u00e9 Veloso Salgado e Jos\u00e9 de Brito, no Sal\u00e3o Silva Porto.<\/p>\r\n                    <p>Em 1945, ao fazer 90 anos, foi descerrada uma l\u00e1pide na sua casa de Santa Marta. Foi um acto de ternura, de justi\u00e7a e de reconhecimento da terra natal para com o &#8220;seu Pintor&#8221;.<\/p>\r\n                    <p>Em 1946, morreu o mestre. Da sua personalidade recorda-se a simplicidade e a robustez do seu car\u00e1cter e um imenso gosto pelo trabalho. Artur Maciel escreveu: &#8220;&#8230;Se a bondade e a mod\u00e9stia foram os tra\u00e7os predominantes do seu car\u00e1cter,\r\n                      aos noventa anos ainda se apresentava com a vivacidade da juventude. Tinha um bom humor permanente que nada parecia afectar. Dispunha de benevol\u00eancia e toler\u00e2ncia para todos e para tudo. Essa alegria de alma e essa confronta\u00e7\u00e3o de\r\n                      esp\u00edrito ajudaram-no a manter-se em sa\u00fade admir\u00e1vel, vigoroso e tenaz at\u00e9 quase ao \u00faltimo dia da sua vida\u201d.<\/p>\r\n                    <p>Em 1992, reconhecendo o seu talento, a escola decide prestigi\u00e1-lo, elegendo-o para seu patrono.<\/p>\r\n                    <p>D<strong style=\"font-size: 13.6px; font-family: Georgia, serif; color: rgb(51, 51, 51);\"><em>an\u00e7arina<\/em><\/strong><\/p>\r\n                    <p><span style=\"font-weight: 400; font-size: 13.6px; font-family: Georgia, serif; color: rgb(51, 51, 51);\">&nbsp;ou&nbsp;<\/span><strong style=\"font-size: 13.6px; font-family: Georgia, serif; color: rgb(51, 51, 51);\"><em>Mulher de Preto<\/em><\/strong>\r\n                      <span\r\n                        style=\"font-size: 13.6px; font-family: Georgia, serif; color: rgb(51, 51, 51); font-weight: 400;\">, c. 1891, \u00f3leo sobre tela de&nbsp;<\/span><strong style=\"font-size: 13.6px; font-family: Georgia, serif; color: rgb(51, 51, 51);\">Jos\u00e9 de Brito<\/strong><span style=\"font-size: 13.6px; font-family: Georgia, serif; color: rgb(51, 51, 51); font-weight: 400;\">&nbsp;(1855\u20131946). Pa\u00e7o Ducal, Funda\u00e7\u00e3o da Casa de Bragan\u00e7a, Vila Vi\u00e7osa<\/span><\/p>\r\n                  <\/div>\r\n                <\/div>\r\n                <div data-colibri-id=\"151-c14\" class=\"style-514 style-local-151-c14 position-relative h-element\">\r\n                  <!---->\r\n                <\/div>\r\n              <\/div>\r\n            <\/div>\r\n          <\/div>\r\n        <\/div>\r\n      <\/div>\r\n    <\/div>\r\n  <\/div>\r\n<\/div>","protected":false},"excerpt":{"rendered":"<p>PATRONO Jos\u00e9 de Brito&nbsp;nasceu a&nbsp;18 de Fevereiro de 1855, em&nbsp;Santa Marta de Portuzelo, nas proximidades da escola. Oriundo de uma fam\u00edlia pobre, o seu gosto pelo desenho foi incentivado, na adolesc\u00eancia, pelo Morgado da Casa da Pregui\u00e7a, fidalgo de quem se atreveu a fazer uma caricatura. Estudou na Academia Portuense de Belas Artes, passando pelos [&hellip;]<\/p>\n","protected":false},"author":1,"featured_media":0,"parent":0,"menu_order":0,"comment_status":"closed","ping_status":"closed","template":"page-templates\/full-width-page.php","meta":{"footnotes":""},"class_list":["post-151","page","type-page","status-publish","hentry"],"_links":{"self":[{"href":"https:\/\/www.apjbrito.com\/index.php\/wp-json\/wp\/v2\/pages\/151","targetHints":{"allow":["GET"]}}],"collection":[{"href":"https:\/\/www.apjbrito.com\/index.php\/wp-json\/wp\/v2\/pages"}],"about":[{"href":"https:\/\/www.apjbrito.com\/index.php\/wp-json\/wp\/v2\/types\/page"}],"author":[{"embeddable":true,"href":"https:\/\/www.apjbrito.com\/index.php\/wp-json\/wp\/v2\/users\/1"}],"replies":[{"embeddable":true,"href":"https:\/\/www.apjbrito.com\/index.php\/wp-json\/wp\/v2\/comments?post=151"}],"version-history":[{"count":4,"href":"https:\/\/www.apjbrito.com\/index.php\/wp-json\/wp\/v2\/pages\/151\/revisions"}],"predecessor-version":[{"id":3336,"href":"https:\/\/www.apjbrito.com\/index.php\/wp-json\/wp\/v2\/pages\/151\/revisions\/3336"}],"wp:attachment":[{"href":"https:\/\/www.apjbrito.com\/index.php\/wp-json\/wp\/v2\/media?parent=151"}],"curies":[{"name":"wp","href":"https:\/\/api.w.org\/{rel}","templated":true}]}}