{"id":3642,"date":"2025-05-25T20:31:06","date_gmt":"2025-05-25T20:31:06","guid":{"rendered":"https:\/\/www.apjbrito.com\/index.php\/oferta-formativa\/"},"modified":"2025-05-25T20:44:14","modified_gmt":"2025-05-25T20:44:14","slug":"oferta-formativa","status":"publish","type":"page","link":"https:\/\/www.apjbrito.com\/index.php\/oferta-formativa\/","title":{"rendered":"Oferta Formativa"},"content":{"rendered":"<div data-colibri-id=\"3642-c1\" class=\"style-1089 style-local-3642-c1 position-relative\">\n  <!---->\n  <div data-colibri-component=\"section\" data-colibri-id=\"3642-c19\" id=\"content\" class=\"h-section h-section-global-spacing d-flex align-items-lg-center align-items-md-center align-items-center style-1099 style-local-3642-c19 position-relative\">\n    <!---->\n    <!---->\n    <div class=\"h-section-grid-container h-section-fluid-container\">\n      <!---->\n      <div data-colibri-id=\"3642-c20\" class=\"h-row-container gutters-row-lg-0 gutters-row-md-0 gutters-row-2 gutters-row-v-lg-0 gutters-row-v-md-0 gutters-row-v-2 style-1100 style-local-3642-c20 position-relative\">\n        <!---->\n        <div class=\"h-row justify-content-lg-center justify-content-md-center justify-content-center align-items-lg-stretch align-items-md-stretch align-items-stretch gutters-col-lg-0 gutters-col-md-0 gutters-col-2 gutters-col-v-lg-0 gutters-col-v-md-0 gutters-col-v-2\">\n          <!---->\n          <div class=\"h-column h-column-container d-flex h-col-lg-auto h-col-md-auto h-col-auto style-1101-outer style-local-3642-c21-outer\">\n            <div data-colibri-id=\"3642-c21\" class=\"d-flex h-flex-basis h-column__inner h-px-lg-0 h-px-md-0 h-px-0 v-inner-lg-0 v-inner-md-0 v-inner-0 style-1101 style-local-3642-c21 position-relative\">\n              <!---->\n              <!---->\n              <div class=\"w-100 h-y-container h-column__content h-column__v-align flex-basis-100 align-self-lg-start align-self-md-start align-self-start\">\n                <!---->\n                <div data-colibri-id=\"3642-c23\" class=\"h-global-transition-all h-heading style-1103 style-local-3642-c23 position-relative h-element\">\n                  <!---->\n                  <div class=\"h-heading__outer style-1103 style-local-3642-c23\">\n                    <!---->\n                    <!---->\n                    <h2 class=\"\">Curso Cient\u00edfico-Human\u00edstico<\/h2>\n                  <\/div>\n                <\/div>\n                <div data-colibri-id=\"3642-c25\" class=\"h-row-container gutters-row-lg-2 gutters-row-md-2 gutters-row-0 gutters-row-v-lg-2 gutters-row-v-md-2 gutters-row-v-0 style-1105 style-local-3642-c25 position-relative\">\n                  <!---->\n                  <div class=\"h-row justify-content-lg-center justify-content-md-center justify-content-center align-items-lg-stretch align-items-md-stretch align-items-stretch gutters-col-lg-2 gutters-col-md-2 gutters-col-0 gutters-col-v-lg-2 gutters-col-v-md-2 gutters-col-v-0\">\n                    <!---->\n                    <div class=\"h-column h-column-container d-flex h-col-lg-6 h-col-md-6 h-col-6 style-1106-outer style-local-3642-c26-outer\">\n                      <div data-colibri-id=\"3642-c26\" class=\"d-flex h-flex-basis h-column__inner h-px-lg-0 h-px-md-0 h-px-0 v-inner-lg-0 v-inner-md-0 v-inner-0 style-1106 style-local-3642-c26 position-relative\">\n                        <!---->\n                        <!---->\n                        <div class=\"w-100 h-y-container h-column__content h-column__v-align flex-basis-100 align-self-lg-start align-self-md-start align-self-start\">\n                          <!---->\n                          <div data-colibri-id=\"3642-c27\" class=\"h-global-transition-all h-heading style-1107 style-local-3642-c27 position-relative h-element\">\n                            <!---->\n                            <div class=\"h-heading__outer style-1107 style-local-3642-c27\">\n                              <!---->\n                              <!---->\n                              <h5 class=\"\">LCI\u00caNCIAS E TECNOLOGIAS<\/h5>\n                            <\/div>\n                          <\/div>\n                        <\/div>\n                      <\/div>\n                    <\/div>\n                    <div class=\"h-column h-column-container d-flex h-col-lg-6 h-col-md-6 h-col-6 style-1106-outer style-local-3642-c29-outer\">\n                      <div data-colibri-id=\"3642-c29\" class=\"d-flex h-flex-basis h-column__inner h-px-lg-0 h-px-md-0 h-px-0 v-inner-lg-0 v-inner-md-0 v-inner-0 style-1106 style-local-3642-c29 position-relative\">\n                        <!---->\n                        <!---->\n                        <div class=\"w-100 h-y-container h-column__content h-column__v-align flex-basis-100 align-self-lg-start align-self-md-start align-self-start\">\n                          <!---->\n                          <div data-colibri-id=\"3642-c30\" class=\"h-global-transition-all h-heading style-1107 style-local-3642-c30 position-relative h-element\">\n                            <!---->\n                            <div class=\"h-heading__outer style-1107 style-local-3642-c30\">\n                              <!---->\n                              <!---->\n                              <h5 class=\"\">LI\u00caNCIAS SOCIOECON\u00d3MICAS<\/h5>\n                            <\/div>\n                          <\/div>\n                        <\/div>\n                      <\/div>\n                    <\/div>\n                    <div class=\"h-column h-column-container d-flex h-col-lg-6 h-col-md-6 h-col-6 style-1106-outer style-local-3642-c32-outer\">\n                      <div data-colibri-id=\"3642-c32\" class=\"d-flex h-flex-basis h-column__inner h-px-lg-0 h-px-md-0 h-px-0 v-inner-lg-0 v-inner-md-0 v-inner-0 style-1106 style-local-3642-c32 position-relative\">\n                        <!---->\n                        <!---->\n                        <div class=\"w-100 h-y-container h-column__content h-column__v-align flex-basis-100 align-self-lg-start align-self-md-start align-self-start\">\n                          <!---->\n                          <div data-colibri-id=\"3642-c33\" class=\"h-global-transition-all h-heading style-1107 style-local-3642-c33 position-relative h-element\">\n                            <!---->\n                            <div class=\"h-heading__outer style-1107 style-local-3642-c33\">\n                              <!---->\n                              <!---->\n                              <h5 class=\"\">L\u00cdNGUAS E HUMANIDADES<\/h5>\n                            <\/div>\n                          <\/div>\n                        <\/div>\n                      <\/div>\n                    <\/div>\n                    <div class=\"h-column h-column-container d-flex h-col-lg-6 h-col-md-6 h-col-6 style-1106-outer style-local-3642-c35-outer\">\n                      <div data-colibri-id=\"3642-c35\" class=\"d-flex h-flex-basis h-column__inner h-px-lg-0 h-px-md-0 h-px-0 v-inner-lg-0 v-inner-md-0 v-inner-0 style-1106 style-local-3642-c35 position-relative\">\n                        <!---->\n                        <!---->\n                        <div class=\"w-100 h-y-container h-column__content h-column__v-align flex-basis-100 align-self-lg-start align-self-md-start align-self-start\">\n                          <!---->\n                          <div data-colibri-id=\"3642-c36\" class=\"h-global-transition-all h-heading style-1107 style-local-3642-c36 position-relative h-element\">\n                            <!---->\n                            <div class=\"h-heading__outer style-1107 style-local-3642-c36\">\n                              <!---->\n                              <!---->\n                              <h5 class=\"\">ARTES VISUAIS<\/h5>\n                            <\/div>\n                          <\/div>\n                        <\/div>\n                      <\/div>\n                    <\/div>\n                  <\/div>\n                <\/div>\n                <div data-colibri-id=\"3642-c37\" class=\"h-text h-text-component style-1108 style-local-3642-c37 position-relative h-element\">\n                  <!---->\n                  <!---->\n                  <div class=\"\">\n                    <p>SABER MAIS&#8230;<\/p>\n                  <\/div>\n                <\/div>\n                <div data-colibri-id=\"3642-c59\" class=\"h-text h-text-component style-1108 style-local-3642-c59 position-relative h-element\">\n                  <!---->\n                  <!---->\n                  <div class=\"\">\n                    <p><strong>Portaria n.\u00ba 226-A\/2018, de 7 de agosto<\/strong><\/p>\n                    <p>Percurso formativo pr\u00f3prio com permuta de disciplinas<\/p>\n                    <p>1 \u2013 Nos cursos cient\u00edfico-human\u00edsticos, a ado\u00e7\u00e3o de um percurso formativo pr\u00f3prio realiza-se nas seguintes condi\u00e7\u00f5es:<\/p>\n                    <p>a) Permuta de uma das disciplinas bienais da componente de forma\u00e7\u00e3o espec\u00edfica por disciplina(s) correspondente(s) de um curso diferente do frequentado;<\/p>\n                    <p>b) Realiza\u00e7\u00e3o, obrigat\u00f3ria, de uma disciplina bienal da componente de forma\u00e7\u00e3o espec\u00edfica da natureza do curso frequentado;<\/p>\n                    <p>c) Da permuta entre disciplinas, n\u00e3o pode resultar a frequ\u00eancia de disciplinas equivalentes, ou que abranjam parte dos mesmos conte\u00fados de outras disciplinas da mesma \u00e1rea do saber do plano curricular do seu curso.<\/p>\n                    <p>\n                      <br>\n                    <\/p>\n                  <\/div>\n                <\/div>\n              <\/div>\n            <\/div>\n          <\/div>\n          <div class=\"h-column h-column-container d-flex h-col-lg-auto h-col-md-auto h-col-auto style-1109-outer style-local-3642-c38-outer\">\n            <div data-colibri-id=\"3642-c38\" class=\"d-flex h-flex-basis h-column__inner h-px-lg-0 h-px-md-0 h-px-0 v-inner-lg-0 v-inner-md-0 v-inner-0 style-1109 style-local-3642-c38 position-relative\">\n              <!---->\n              <!---->\n              <div class=\"w-100 h-y-container h-column__content h-column__v-align flex-basis-100 align-self-lg-start align-self-md-start align-self-start\">\n                <!---->\n                <div data-colibri-id=\"3642-c60\" class=\"h-text h-text-component style-1108 style-local-3642-c60 position-relative h-element\">\n                  <!---->\n                  <!---->\n                  <div class=\"\">\n                    <p>\n                      <br>\n                    <\/p>\n                    <p>\n                      <br>\n                    <\/p>\n                    <p>\n                      <br>\n                    <\/p>\n                    <p>\n                      <br>\n                    <\/p>\n                    <p>\n                      <br>\n                    <\/p>\n                    <p>\n                      <br>\n                    <\/p>\n                    <p>\n                      <br>\n                    <\/p>\n                    <p>\n                      <br>\n                    <\/p>\n                    <p>\n                      <br>\n                    <\/p>\n                    <p>\n                      <br>\n                    <\/p>\n                    <p>\n                      <br>\n                    <\/p>\n                    <p>\n                      <br>\n                    <\/p>\n                    <p><strong>Refor\u00e7o dos Tempos de Estudo<\/strong><\/p>\n                    <p>&nbsp;&nbsp;Matem\u00e1tica<\/p>\n                    <p>&nbsp;&nbsp;Portugu\u00eas<\/p>\n                    <p>&nbsp;&nbsp;F\u00edsica e Qu\u00edmica A<\/p>\n                    <p>&nbsp;&nbsp;Biologia e Geologia<\/p>\n                    <p>&nbsp;&nbsp;Hist\u00f3ria<\/p>\n                    <p>&nbsp;&nbsp;Geoagrafia<\/p>\n                    <p>&nbsp;&nbsp;Filosofia<\/p>\n                    <p>&nbsp;&nbsp;Economia A<\/p>\n                    <p>&nbsp;&nbsp;MACS \u2013 Matem\u00e1tica Aplicada \u00e0s Ci\u00eancias Sociais<\/p>\n                    <p>Geometria Discritiva<\/p>\n                    <p>Desenho A<\/p>\n                  <\/div>\n                <\/div>\n              <\/div>\n            <\/div>\n          <\/div>\n        <\/div>\n      <\/div>\n    <\/div>\n  <\/div>\n<\/div>","protected":false},"excerpt":{"rendered":"<p>Curso Cient\u00edfico-Human\u00edstico LCI\u00caNCIAS E TECNOLOGIAS LI\u00caNCIAS SOCIOECON\u00d3MICAS L\u00cdNGUAS E HUMANIDADES ARTES VISUAIS SABER MAIS&#8230; Portaria n.\u00ba 226-A\/2018, de 7 de agosto Percurso formativo pr\u00f3prio com permuta de disciplinas 1 \u2013 Nos cursos cient\u00edfico-human\u00edsticos, a ado\u00e7\u00e3o de um percurso formativo pr\u00f3prio realiza-se nas seguintes condi\u00e7\u00f5es: a) Permuta de uma das disciplinas bienais da componente de forma\u00e7\u00e3o [&hellip;]<\/p>\n","protected":false},"author":1,"featured_media":0,"parent":0,"menu_order":0,"comment_status":"closed","ping_status":"closed","template":"page-templates\/full-width-page.php","meta":{"footnotes":""},"class_list":["post-3642","page","type-page","status-publish","hentry"],"_links":{"self":[{"href":"https:\/\/www.apjbrito.com\/index.php\/wp-json\/wp\/v2\/pages\/3642","targetHints":{"allow":["GET"]}}],"collection":[{"href":"https:\/\/www.apjbrito.com\/index.php\/wp-json\/wp\/v2\/pages"}],"about":[{"href":"https:\/\/www.apjbrito.com\/index.php\/wp-json\/wp\/v2\/types\/page"}],"author":[{"embeddable":true,"href":"https:\/\/www.apjbrito.com\/index.php\/wp-json\/wp\/v2\/users\/1"}],"replies":[{"embeddable":true,"href":"https:\/\/www.apjbrito.com\/index.php\/wp-json\/wp\/v2\/comments?post=3642"}],"version-history":[{"count":3,"href":"https:\/\/www.apjbrito.com\/index.php\/wp-json\/wp\/v2\/pages\/3642\/revisions"}],"predecessor-version":[{"id":3659,"href":"https:\/\/www.apjbrito.com\/index.php\/wp-json\/wp\/v2\/pages\/3642\/revisions\/3659"}],"wp:attachment":[{"href":"https:\/\/www.apjbrito.com\/index.php\/wp-json\/wp\/v2\/media?parent=3642"}],"curies":[{"name":"wp","href":"https:\/\/api.w.org\/{rel}","templated":true}]}}