{"id":3707,"date":"2025-05-26T19:59:32","date_gmt":"2025-05-26T19:59:32","guid":{"rendered":"https:\/\/www.apjbrito.com\/index.php\/calendario-escolar\/"},"modified":"2025-11-05T19:17:48","modified_gmt":"2025-11-05T19:17:48","slug":"calendario-escolar","status":"publish","type":"page","link":"https:\/\/www.apjbrito.com\/index.php\/calendario-escolar\/","title":{"rendered":"Calend\u00e1rio Escolar"},"content":{"rendered":"<div data-colibri-id=\"3707-c1\" class=\"style-1139 style-local-3707-c1 position-relative\">\n  <!---->\n  <div data-colibri-component=\"section\" data-colibri-id=\"3707-c2\" id=\"testimonials\" class=\"h-section h-section-global-spacing d-flex align-items-lg-center align-items-md-center align-items-center style-1152 style-local-3707-c2 position-relative\">\n    <!---->\n    <!---->\n    <div class=\"h-section-grid-container h-section-boxed-container\">\n      <!---->\n      <div data-colibri-id=\"3707-c3\" class=\"h-row-container gutters-row-lg-2 gutters-row-md-0 gutters-row-0 gutters-row-v-lg-2 gutters-row-v-md-0 gutters-row-v-2 style-1153 style-local-3707-c3 position-relative\">\n        <!---->\n        <div class=\"h-row justify-content-lg-center justify-content-md-center justify-content-center align-items-lg-stretch align-items-md-stretch align-items-stretch gutters-col-lg-2 gutters-col-md-0 gutters-col-0 gutters-col-v-lg-2 gutters-col-v-md-0 gutters-col-v-2\">\n          <!---->\n          <div class=\"h-column h-column-container d-flex h-col-lg-auto h-col-md-auto h-col-auto style-1154-outer style-local-3707-c4-outer\">\n            <div data-colibri-id=\"3707-c4\" class=\"d-flex h-flex-basis h-column__inner h-px-lg-2 h-px-md-0 h-px-2 v-inner-lg-2 v-inner-md-0 v-inner-2 style-1154 style-local-3707-c4 position-relative\">\n              <!---->\n              <!---->\n              <div class=\"w-100 h-y-container h-column__content h-column__v-align flex-basis-100 align-self-lg-start align-self-md-start align-self-start\">\n                <!---->\n                <div data-colibri-component=\"slider\" data-colibri-id=\"3707-c5\" class=\"h-slider d-flex style-1155 style-local-3707-c5 position-relative\">\n                  <!---->\n                  <div class=\"swiper-container h-row-container gutters-row-lg-2 gutters-row-md-2 gutters-row-3 gutters-row-v-lg-2 gutters-row-v-md-3 gutters-row-v-3 h-overflow-hidden\">\n                    <div class=\"swiper-wrapper h-row justify-content-lg-start justify-content-md-start justify-content-start align-items-lg-stretch align-items-md-stretch align-items-stretch gutters-col-lg-2 gutters-col-md-2 gutters-col-3 gutters-col-v-lg-2 gutters-col-v-md-3 gutters-col-v-3\">\n                      <div data-colibri-component=\"link\" data-href=\"\" class=\"h-slider-item swiper-slide h-column h-column-container d-flex h-col-auto style-1156-outer style-local-3707-c6-outer\">\n                        <div data-colibri-id=\"3707-c6\" class=\"w-100 h-swiper-item__inner d-flex h-flex-basis h-HopTextCarouselItem__inner h-px-lg-3 h-px-md-3 h-px-2 v-inner-lg-2 v-inner-md-2 v-inner-2 style-1156 style-local-3707-c6 position-relative\">\n                          <!---->\n                          <div class=\"w-100 h-100 d-flex justify-content-lg-center justify-content-md-center justify-content-center align-items-lg-center align-items-md-center align-items-center\">\n                            <div class=\"w-100 h-y-container h-column__content h-column__v-align flex-basis-100 align-self-lg-center align-self-md-center align-self-center h-slider-item-content-wrapper\">\n                              <!---->\n                              <div data-colibri-id=\"3707-c7\" class=\"h-icon style-1157 style-local-3707-c7 position-relative h-element\">\n                                <!----><span class=\"h-svg-icon h-icon__icon style-1157-icon style-local-3707-c7-icon\"><!--Icon by Font Awesome (https:\/\/fontawesome.com)-->\n    <svg version=\"1.1\" xmlns=\"http:\/\/www.w3.org\/2000\/svg\" xmlns:xlink=\"http:\/\/www.w3.org\/1999\/xlink\" id=\"calendar\" viewBox=\"0 0 1672.2646 1896.0833\">\n      <path d=\"M128 1664h288v-288H128v288zm352 0h320v-288H480v288zm-352-352h288V992H128v320zm352 0h320V992H480v320zM128 928h288V640H128v288zm736 736h320v-288H864v288zM480 928h320V640H480v288zm768 736h288v-288h-288v288zm-384-352h320V992H864v320zM512 448V160q0-13-9.5-22.5T480 128h-64q-13 0-22.5 9.5T384 160v288q0 13 9.5 22.5T416 480h64q13 0 22.5-9.5T512 448zm736 864h288V992h-288v320zM864 928h320V640H864v288zm384 0h288V640h-288v288zm32-480V160q0-13-9.5-22.5T1248 128h-64q-13 0-22.5 9.5T1152 160v288q0 13 9.5 22.5t22.5 9.5h64q13 0 22.5-9.5t9.5-22.5zm384-64v1280q0 52-38 90t-90 38H128q-52 0-90-38t-38-90V384q0-52 38-90t90-38h128v-96q0-66 47-113T416 0h64q66 0 113 47t47 113v96h384v-96q0-66 47-113t113-47h64q66 0 113 47t47 113v96h128q52 0 90 38t38 90z\"><\/path>\n    <\/svg><\/span><\/div>\n                              <div data-colibri-id=\"3707-c8\" class=\"h-text h-text-component style-1170 style-local-3707-c8 position-relative h-element\">\n                                <!---->\n                                <!---->\n                                <div class=\"\">\n                                  <h2><strong>Calend\u00e1rio escolar 2024-2025<\/strong><\/h2>\n                                <\/div>\n                              <\/div>\n                              <div data-colibri-id=\"3707-c9\" class=\"h-text h-text-component style-1159 style-local-3707-c9 position-relative h-element\">\n                                <!---->\n                                <!---->\n                                <div class=\"\">\n                                  <h3><strong>Per\u00edodos letivos<\/strong><\/h3>\n                                  <p>De acordo com o despacho do MECI, no pr\u00f3ximo ano letivo, os tr\u00eas per\u00edodos letivos distribuem-se da seguinte forma:<\/p>\n                                  <h4><strong>1.\u00ba Per\u00edodo<\/strong><\/h4>\n                                  <ul>\n                                    <li><strong style=\"font-family: Raleway-Bold, Arial, sans-serif;\">In\u00edcio das aulas:&nbsp;<\/strong>12 e 16 de setembro de 2024<\/li>\n                                    <li><strong style=\"font-family: Raleway-Bold, Arial, sans-serif;\">Fim das aulas:&nbsp;<\/strong>16 de dezembro de 2024<\/li>\n                                  <\/ul>\n                                  <h4><strong>2.\u00ba Per\u00edodo<\/strong><\/h4>\n                                  <ul>\n                                    <li><strong style=\"font-family: Raleway-Bold, Arial, sans-serif;\">In\u00edcio das aulas:&nbsp;<\/strong>6 de janeiro de 2025<\/li>\n                                    <li><strong style=\"font-family: Raleway-Bold, Arial, sans-serif;\">Fim das aulas:&nbsp;<\/strong>4 de abril de 2025<\/li>\n                                  <\/ul>\n                                  <h4><strong>3.\u00ba Per\u00edodo<\/strong><\/h4>\n                                  <ul>\n                                    <li><strong style=\"font-family: Raleway-Bold, Arial, sans-serif;\">In\u00edcio das aulas:&nbsp;<\/strong>22 de abril de 2025<\/li>\n                                    <li><strong style=\"font-family: Raleway-Bold, Arial, sans-serif;\">Fim das aulas:&nbsp;<\/strong>6 de junho de 2025 (9.\u00ba, 11.\u00ba e 12.\u00ba anos), 13 de junho 2025 (5.\u00ba, 6.\u00ba, 7.\u00ba, 8.\u00ba e 10.\u00ba anos) e 27 de junho 2025 (pr\u00e9-escolar\n                                      e 1.\u00ba, 2.\u00ba, 3.\u00ba e 4.\u00ba anos)<\/li>\n                                  <\/ul>\n                                  <p>\n                                    <br>\n                                  <\/p>\n                                <\/div>\n                              <\/div>\n                            <\/div>\n                          <\/div>\n                        <\/div>\n                      <\/div>\n                      <div data-colibri-component=\"link\" data-href=\"\" class=\"h-slider-item swiper-slide h-column h-column-container d-flex h-col-auto style-1156-outer style-local-3707-c10-outer\">\n                        <div data-colibri-id=\"3707-c10\" class=\"w-100 h-swiper-item__inner d-flex h-flex-basis h-HopTextCarouselItem__inner h-px-lg-3 h-px-md-3 h-px-2 v-inner-lg-2 v-inner-md-2 v-inner-2 style-1156 style-local-3707-c10 position-relative\">\n                          <!---->\n                          <div class=\"w-100 h-100 d-flex justify-content-lg-center justify-content-md-center justify-content-center align-items-lg-center align-items-md-center align-items-center\">\n                            <div class=\"w-100 h-y-container h-column__content h-column__v-align flex-basis-100 align-self-lg-center align-self-md-center align-self-center h-slider-item-content-wrapper\">\n                              <!---->\n                              <div data-colibri-id=\"3707-c11\" class=\"h-icon style-1157 style-local-3707-c11 position-relative h-element\">\n                                <!----><span class=\"h-svg-icon h-icon__icon style-1157-icon style-local-3707-c11-icon\"><!--Icon by Font Awesome (https:\/\/fontawesome.com)-->\n    <svg version=\"1.1\" xmlns=\"http:\/\/www.w3.org\/2000\/svg\" xmlns:xlink=\"http:\/\/www.w3.org\/1999\/xlink\" id=\"calendar\" viewBox=\"0 0 1672.2646 1896.0833\">\n      <path d=\"M128 1664h288v-288H128v288zm352 0h320v-288H480v288zm-352-352h288V992H128v320zm352 0h320V992H480v320zM128 928h288V640H128v288zm736 736h320v-288H864v288zM480 928h320V640H480v288zm768 736h288v-288h-288v288zm-384-352h320V992H864v320zM512 448V160q0-13-9.5-22.5T480 128h-64q-13 0-22.5 9.5T384 160v288q0 13 9.5 22.5T416 480h64q13 0 22.5-9.5T512 448zm736 864h288V992h-288v320zM864 928h320V640H864v288zm384 0h288V640h-288v288zm32-480V160q0-13-9.5-22.5T1248 128h-64q-13 0-22.5 9.5T1152 160v288q0 13 9.5 22.5t22.5 9.5h64q13 0 22.5-9.5t9.5-22.5zm384-64v1280q0 52-38 90t-90 38H128q-52 0-90-38t-38-90V384q0-52 38-90t90-38h128v-96q0-66 47-113T416 0h64q66 0 113 47t47 113v96h384v-96q0-66 47-113t113-47h64q66 0 113 47t47 113v96h128q52 0 90 38t38 90z\"><\/path>\n    <\/svg><\/span><\/div>\n                              <div data-colibri-id=\"3707-c12\" class=\"h-text h-text-component style-1170 style-local-3707-c12 position-relative h-element\">\n                                <!---->\n                                <!---->\n                                <div class=\"\">\n                                  <h2><strong>Calend\u00e1rio escolar 2025-2026<\/strong><\/h2>\n                                  <p>\n                                    <br>\n                                  <\/p>\n                                <\/div>\n                              <\/div>\n                              <div data-colibri-id=\"3707-c13\" class=\"h-text h-text-component style-1159 style-local-3707-c13 position-relative h-element\">\n                                <!---->\n                                <!---->\n                                <div class=\"\">\n                                  <h3><strong>Per\u00edodos letivos<\/strong><\/h3>\n                                  <p>De acordo com o despacho do MECI, no pr\u00f3ximo ano letivo, os tr\u00eas per\u00edodos letivos distribuem-se da seguinte forma:<\/p>\n                                  <h4><strong>1.\u00ba Per\u00edodo<\/strong><\/h4>\n                                  <ul>\n                                    <li><strong style=\"font-family: Raleway-Bold, Arial, sans-serif;\">In\u00edcio das aulas:&nbsp;<\/strong>11 e 15 de setembro de 2025<\/li>\n                                    <li><strong style=\"font-family: Raleway-Bold, Arial, sans-serif;\">Fim das aulas:&nbsp;<\/strong>16 de dezembro de 2025<\/li>\n                                  <\/ul>\n                                  <h4><strong>2.\u00ba Per\u00edodo<\/strong><\/h4>\n                                  <ul>\n                                    <li><strong style=\"font-family: Raleway-Bold, Arial, sans-serif;\">In\u00edcio das aulas: <\/strong>5 de janeiro de 2026<\/li>\n                                    <li><strong style=\"font-family: Raleway-Bold, Arial, sans-serif;\">Fim das aulas: <\/strong>&nbsp;27 de mar\u00e7o&nbsp;de 2026<\/li>\n                                  <\/ul>\n                                  <h4><strong>3.\u00ba Per\u00edodo<\/strong><\/h4>\n                                  <ul>\n                                    <li><strong style=\"font-family: Raleway-Bold, Arial, sans-serif;\">In\u00edcio das aulas: <\/strong>&nbsp;13 de&nbsp;abril de 2026<\/li>\n                                    <li><strong style=\"font-family: Raleway-Bold, Arial, sans-serif;\">Fim das aulas:<\/strong><strong style=\"font-family: &quot;Source Sans Pro&quot;; font-weight: 600;\">&nbsp;<\/strong><em style=\"font-family: &quot;Source Sans Pro&quot;; font-weight: 400; font-size: 16px; color: rgb(71, 0, 55);\">5 de junho de 2026 (9.\u00ba, 11.\u00ba e 12.\u00ba anos), 12 de junho 2026 (5.\u00ba, 6.\u00ba, 7.\u00ba, 8.\u00ba e 10.\u00ba anos) e&nbsp;30&nbsp;de junho 2026 (pr\u00e9-escolar e 1.\u00ba, 2.\u00ba, 3.\u00ba e 4.\u00ba anos)<\/em><\/li>\n                                  <\/ul>\n                                  <p>\n                                    <br>\n                                  <\/p>\n                                <\/div>\n                              <\/div>\n                            <\/div>\n                          <\/div>\n                        <\/div>\n                      <\/div>\n                      <div data-colibri-component=\"link\" data-href=\"\" class=\"h-slider-item swiper-slide h-column h-column-container d-flex h-col-auto style-1156-outer style-local-3707-c14-outer\">\n                        <div data-colibri-id=\"3707-c14\" class=\"w-100 h-swiper-item__inner d-flex h-flex-basis h-HopTextCarouselItem__inner h-px-lg-3 h-px-md-3 h-px-2 v-inner-lg-2 v-inner-md-2 v-inner-2 style-1156 style-local-3707-c14 position-relative\">\n                          <!---->\n                          <div class=\"w-100 h-100 d-flex justify-content-lg-center justify-content-md-center justify-content-center align-items-lg-center align-items-md-center align-items-center\">\n                            <div class=\"w-100 h-y-container h-column__content h-column__v-align flex-basis-100 align-self-lg-center align-self-md-center align-self-center h-slider-item-content-wrapper\">\n                              <!---->\n                              <div data-colibri-id=\"3707-c15\" class=\"h-icon style-1157 style-local-3707-c15 position-relative h-element\">\n                                <!----><span class=\"h-svg-icon h-icon__icon style-1157-icon style-local-3707-c15-icon\"><!--Icon by Font Awesome (https:\/\/fontawesome.com)-->\n    <svg version=\"1.1\" xmlns=\"http:\/\/www.w3.org\/2000\/svg\" xmlns:xlink=\"http:\/\/www.w3.org\/1999\/xlink\" id=\"calendar\" viewBox=\"0 0 1672.2646 1896.0833\">\n      <path d=\"M128 1664h288v-288H128v288zm352 0h320v-288H480v288zm-352-352h288V992H128v320zm352 0h320V992H480v320zM128 928h288V640H128v288zm736 736h320v-288H864v288zM480 928h320V640H480v288zm768 736h288v-288h-288v288zm-384-352h320V992H864v320zM512 448V160q0-13-9.5-22.5T480 128h-64q-13 0-22.5 9.5T384 160v288q0 13 9.5 22.5T416 480h64q13 0 22.5-9.5T512 448zm736 864h288V992h-288v320zM864 928h320V640H864v288zm384 0h288V640h-288v288zm32-480V160q0-13-9.5-22.5T1248 128h-64q-13 0-22.5 9.5T1152 160v288q0 13 9.5 22.5t22.5 9.5h64q13 0 22.5-9.5t9.5-22.5zm384-64v1280q0 52-38 90t-90 38H128q-52 0-90-38t-38-90V384q0-52 38-90t90-38h128v-96q0-66 47-113T416 0h64q66 0 113 47t47 113v96h384v-96q0-66 47-113t113-47h64q66 0 113 47t47 113v96h128q52 0 90 38t38 90z\"><\/path>\n    <\/svg><\/span><\/div>\n                              <div data-colibri-id=\"3707-c16\" class=\"h-text h-text-component style-1170 style-local-3707-c16 position-relative h-element\">\n                                <!---->\n                                <!---->\n                                <div class=\"\">\n                                  <h2><strong>Calend\u00e1rio escolar 2026-2027<\/strong><\/h2>\n                                  <p>\n                                    <br>\n                                  <\/p>\n                                <\/div>\n                              <\/div>\n                              <div data-colibri-id=\"3707-c17\" class=\"h-text h-text-component style-1159 style-local-3707-c17 position-relative h-element\">\n                                <!---->\n                                <!---->\n                                <div class=\"\">\n                                  <h3><strong>Per\u00edodos letivos<\/strong><\/h3>\n                                  <p>De acordo com o despacho do MECI, no pr\u00f3ximo ano letivo, os tr\u00eas per\u00edodos letivos distribuem-se da seguinte forma:<\/p>\n                                  <h4><strong>1.\u00ba Per\u00edodo<\/strong><\/h4>\n                                  <ul>\n                                    <li><strong style=\"font-family: Raleway-Bold, Arial, sans-serif;\">In\u00edcio das aulas:&nbsp;<\/strong>13 e 15 de setembro de 2027<\/li>\n                                    <li><strong style=\"font-family: Raleway-Bold, Arial, sans-serif;\">Fim das aulas:&nbsp;<\/strong>17 de dezembro de 2027<\/li>\n                                  <\/ul>\n                                  <h4><strong>2.\u00ba Per\u00edodo<\/strong><\/h4>\n                                  <ul>\n                                    <li><strong style=\"font-family: Raleway-Bold, Arial, sans-serif;\">In\u00edcio das aulas: <\/strong>3 de janeiro de 2027<\/li>\n                                    <li><strong style=\"font-family: Raleway-Bold, Arial, sans-serif;\">Fim das aulas: <\/strong>&nbsp;31 de mar\u00e7o&nbsp;de 2027<\/li>\n                                  <\/ul>\n                                  <h4><strong>3.\u00ba Per\u00edodo<\/strong><\/h4>\n                                  <ul>\n                                    <li><strong style=\"font-family: Raleway-Bold, Arial, sans-serif;\">In\u00edcio das aulas: <\/strong>&nbsp;18 de&nbsp;abril de 2027<\/li>\n                                    <li><strong style=\"font-family: Raleway-Bold, Arial, sans-serif;\">Fim das aulas:<\/strong><strong style=\"font-family: &quot;Source Sans Pro&quot;; font-weight: 600;\">&nbsp;<\/strong><em style=\"font-family: &quot;Source Sans Pro&quot;; font-weight: 400; color: rgb(71, 0, 55); font-size: 16px;\">&nbsp;7 de junho de 2027 (9.\u00ba, 11.\u00ba e 12.\u00ba anos), 14 de junho 2027 (5.\u00ba, 6.\u00ba, 7.\u00ba, 8.\u00ba e 10.\u00ba anos) e&nbsp;30&nbsp;de junho 2027 (pr\u00e9-escolar e 1.\u00ba, 2.\u00ba, 3.\u00ba e 4.\u00ba anos)<\/em><\/li>\n                                  <\/ul>\n                                  <p>\n                                    <br>\n                                  <\/p>\n                                <\/div>\n                              <\/div>\n                            <\/div>\n                          <\/div>\n                        <\/div>\n                      <\/div>\n                    <\/div>\n                    <div class=\"resize-triggers\">\n                      <div class=\"expand-trigger\">\n                        <div style=\"width: 1px; height: 1px;\"><\/div>\n                      <\/div>\n                      <div class=\"contract-trigger\"><\/div>\n                    <\/div>\n                  <\/div>\n                  <div data-colibri-id=\"3707-c18\" class=\"h-swiper-arrow__outer justify-content-lg-start justify-content-md-start justify-content-start align-items-lg-center align-items-md-center align-items-center style-1162 style-local-3707-c18 position-relative h-element\">\n                    <!---->\n                    <div id=\"swiper-arrow__3707-c18\" class=\"h-swiper-arrow h-slider-navigation-arrow swiper-button-prev\">\n                      <div data-colibri-id=\"3707-c19\" class=\"h-icon style-1163 style-local-3707-c19 position-relative h-element\">\n                        <!----><span class=\"h-svg-icon h-icon__icon style-1163-icon style-local-3707-c19-icon\"><!--Icon by Font Awesome (https:\/\/fontawesome.com)-->\n    <svg version=\"1.1\" xmlns=\"http:\/\/www.w3.org\/2000\/svg\" xmlns:xlink=\"http:\/\/www.w3.org\/1999\/xlink\" id=\"chevron-left\" viewBox=\"0 0 1289.1823 1896.0833\">\n      <path d=\"M1171 301L640 832l531 531q19 19 19 45t-19 45l-166 166q-19 19-45 19t-45-19L173 877q-19-19-19-45t19-45L915 45q19-19 45-19t45 19l166 166q19 19 19 45t-19 45z\"><\/path>\n    <\/svg><\/span><\/div>\n                    <\/div>\n                  <\/div>\n                  <div data-colibri-id=\"3707-c20\" class=\"h-swiper-arrow__outer justify-content-lg-end justify-content-md-end justify-content-end align-items-lg-center align-items-md-center align-items-center style-1164 style-local-3707-c20 position-relative h-element\">\n                    <!---->\n                    <div id=\"swiper-arrow__3707-c20\" class=\"h-swiper-arrow h-slider-navigation-arrow swiper-button-next\">\n                      <div data-colibri-id=\"3707-c21\" class=\"h-icon style-1163 style-local-3707-c21 position-relative h-element\">\n                        <!----><span class=\"h-svg-icon h-icon__icon style-1163-icon style-local-3707-c21-icon\"><!--Icon by Font Awesome (https:\/\/fontawesome.com)-->\n    <svg version=\"1.1\" xmlns=\"http:\/\/www.w3.org\/2000\/svg\" xmlns:xlink=\"http:\/\/www.w3.org\/1999\/xlink\" id=\"chevron-right\" viewBox=\"0 0 1280 1896.0833\">\n      <path d=\"M1107 877l-742 742q-19 19-45 19t-45-19l-166-166q-19-19-19-45t19-45l531-531-531-531q-19-19-19-45t19-45L275 45q19-19 45-19t45 19l742 742q19 19 19 45t-19 45z\"><\/path>\n    <\/svg><\/span><\/div>\n                    <\/div>\n                  <\/div>\n                <\/div>\n              <\/div>\n            <\/div>\n          <\/div>\n        <\/div>\n      <\/div>\n    <\/div>\n  <\/div>\n<\/div>","protected":false},"excerpt":{"rendered":"<p>Calend\u00e1rio escolar 2024-2025 Per\u00edodos letivos De acordo com o despacho do MECI, no pr\u00f3ximo ano letivo, os tr\u00eas per\u00edodos letivos distribuem-se da seguinte forma: 1.\u00ba Per\u00edodo In\u00edcio das aulas:&nbsp;12 e 16 de setembro de 2024 Fim das aulas:&nbsp;16 de dezembro de 2024 2.\u00ba Per\u00edodo In\u00edcio das aulas:&nbsp;6 de janeiro de 2025 Fim das aulas:&nbsp;4 de [&hellip;]<\/p>\n","protected":false},"author":1,"featured_media":0,"parent":0,"menu_order":0,"comment_status":"closed","ping_status":"closed","template":"page-templates\/full-width-page.php","meta":{"footnotes":""},"class_list":["post-3707","page","type-page","status-publish","hentry"],"_links":{"self":[{"href":"https:\/\/www.apjbrito.com\/index.php\/wp-json\/wp\/v2\/pages\/3707","targetHints":{"allow":["GET"]}}],"collection":[{"href":"https:\/\/www.apjbrito.com\/index.php\/wp-json\/wp\/v2\/pages"}],"about":[{"href":"https:\/\/www.apjbrito.com\/index.php\/wp-json\/wp\/v2\/types\/page"}],"author":[{"embeddable":true,"href":"https:\/\/www.apjbrito.com\/index.php\/wp-json\/wp\/v2\/users\/1"}],"replies":[{"embeddable":true,"href":"https:\/\/www.apjbrito.com\/index.php\/wp-json\/wp\/v2\/comments?post=3707"}],"version-history":[{"count":4,"href":"https:\/\/www.apjbrito.com\/index.php\/wp-json\/wp\/v2\/pages\/3707\/revisions"}],"predecessor-version":[{"id":5314,"href":"https:\/\/www.apjbrito.com\/index.php\/wp-json\/wp\/v2\/pages\/3707\/revisions\/5314"}],"wp:attachment":[{"href":"https:\/\/www.apjbrito.com\/index.php\/wp-json\/wp\/v2\/media?parent=3707"}],"curies":[{"name":"wp","href":"https:\/\/api.w.org\/{rel}","templated":true}]}}