{"id":3776,"date":"2025-05-31T18:43:29","date_gmt":"2025-05-31T18:43:29","guid":{"rendered":"https:\/\/www.apjbrito.com\/index.php\/servicos-administrativos\/"},"modified":"2026-02-04T17:19:19","modified_gmt":"2026-02-04T17:19:19","slug":"servicos-administrativos","status":"publish","type":"page","link":"https:\/\/www.apjbrito.com\/index.php\/servicos-administrativos\/","title":{"rendered":"Servi\u00e7os Administrativos"},"content":{"rendered":"<div data-colibri-id=\"3776-c1\" class=\"style-1196 style-local-3776-c1 position-relative\">\n  <!---->\n  <div data-colibri-component=\"section\" data-colibri-id=\"3776-c2\" id=\"about\" class=\"h-section h-section-global-spacing d-flex align-items-lg-center align-items-md-center align-items-center style-1197 style-local-3776-c2 position-relative\">\n    <div class=\"background-wrapper\">\n      <div class=\"background-layer background-layer-media-container-lg\">\n        <!---->\n        <div class=\"overlay-layer\">\n          <div class=\"overlay-image-layer\" style=\"background-color: rgb(231, 240, 249); opacity: 0.9;\"><\/div>\n        <\/div>\n      <\/div>\n      <div class=\"background-layer background-layer-media-container-md\">\n        <!---->\n        <div class=\"overlay-layer\">\n          <div class=\"overlay-image-layer\" style=\"background-color: rgb(231, 240, 249); opacity: 0.9;\"><\/div>\n        <\/div>\n      <\/div>\n      <div class=\"background-layer background-layer-media-container\">\n        <!---->\n        <div class=\"overlay-layer\">\n          <div class=\"overlay-image-layer\" style=\"background-color: rgb(231, 240, 249); opacity: 0.9;\"><\/div>\n        <\/div>\n      <\/div>\n    <\/div>\n    <!---->\n    <div class=\"h-section-grid-container h-section-boxed-container\">\n      <!---->\n      <div data-colibri-id=\"3776-c3\" class=\"h-row-container gutters-row-lg-0 gutters-row-md-0 gutters-row-0 gutters-row-v-lg-0 gutters-row-v-md-0 gutters-row-v-0 style-1198 style-local-3776-c3 position-relative\">\n        <!---->\n        <div class=\"h-row justify-content-lg-center justify-content-md-center justify-content-center align-items-lg-stretch align-items-md-stretch align-items-stretch gutters-col-lg-0 gutters-col-md-0 gutters-col-0 gutters-col-v-lg-0 gutters-col-v-md-0 gutters-col-v-0\">\n          <!---->\n          <div class=\"h-column h-column-container d-flex h-col-lg-auto h-col-md-auto h-col-auto style-1199-outer style-local-3776-c4-outer\">\n            <div data-colibri-id=\"3776-c4\" class=\"d-flex h-flex-basis h-column__inner h-px-lg-3 h-px-md-3 h-px-3 v-inner-lg-3 v-inner-md-3 v-inner-3 style-1199 style-local-3776-c4 position-relative\">\n              <!---->\n              <!---->\n              <div class=\"w-100 h-y-container h-column__content h-column__v-align flex-basis-100 align-self-lg-center align-self-md-center align-self-center\">\n                <!---->\n                <div data-colibri-id=\"3776-c5\" class=\"h-text h-text-component style-1201 style-local-3776-c5 position-relative h-element\">\n                  <!---->\n                  <!---->\n                  <div class=\"\">\n                    <p><strong>Chefe dos Servi\u00e7os Administrativos<\/strong><\/p>\n                    <p>&nbsp;Carminda Ferreira<\/p>\n                    <p><strong>Respons\u00e1vel pela Tesouraria<\/strong><\/p>\n                    <p>&nbsp;Marta Soares<\/p>\n                    <p>&nbsp;<strong style=\"font-size: 17px; font-family: &quot;Source Sans Pro&quot;; color: rgb(71, 0, 55);\">A\u00e7\u00e3o Social Escolar<\/strong><\/p>\n                    <p><span style=\"font-family: &quot;Source Sans Pro&quot;; font-size: 12pt; color: rgb(0, 0, 0);\">Regina Pereira (substituta da chefe dos servi\u00e7os Administrativos)<\/span><\/p>\n                    <p><strong>Assistentes Administrativos<\/strong><\/p>\n                    <p><strong>\u00c1rea Alunos<\/strong><\/p>\n                    <p>Silvina Parente<\/p>\n                    <p><strong>\u00c1rea de Pessoal<\/strong><\/p>\n                    <p>Armanda Roque<\/p>\n                    <p>Catarina Gomes<\/p>\n                    <p><strong>\u00c1rea de Contabilidade<\/strong><\/p>\n                    <p>Madalena Abreu<\/p>\n                    <p>T\u00e2nia Rocha<\/p>\n                    <p>Manuela Correia<\/p>\n                    <p>\n                      <br>\n                    <\/p>\n                  <\/div>\n                <\/div>\n              <\/div>\n            <\/div>\n          <\/div>\n          <div class=\"h-column h-column-container d-flex h-col-lg-auto h-col-md-auto h-col-auto style-1205-outer style-local-3776-c6-outer\">\n            <div data-colibri-id=\"3776-c6\" class=\"d-flex h-flex-basis h-column__inner h-px-lg-0 h-px-md-0 h-px-0 v-inner-lg-0 v-inner-md-0 v-inner-0 style-1205 style-local-3776-c6 position-relative\">\n              <!---->\n              <!---->\n              <div class=\"w-100 h-y-container h-column__content h-column__v-align flex-basis-100 align-self-lg-start align-self-md-end align-self-start\">\n                <!---->\n                <div data-colibri-id=\"3776-c7\" class=\"h-text h-text-component style-1206 style-local-3776-c7 position-relative h-element\">\n                  <!---->\n                  <!---->\n                  <div class=\"\">\n                    <p>\n                      <br>\n                    <\/p>\n                    <p>\n                      <br>\n                    <\/p>\n                    <p>\n                      <br>\n                    <\/p>\n                    <p><strong style=\"font-family: &quot;Archivo Black&quot;;\">Hor\u00e1rio de atendimento<\/strong><\/p>\n                    <p>&nbsp;&nbsp;&nbsp;<strong>Segunda feira, Ter\u00e7a feira, Quinta feira e Sexta feira<\/strong>&nbsp;&#8211; Das 09:30h \u00e0s 16:30h<\/p>\n                    <p>&nbsp;&nbsp;<strong>&nbsp;Quarta feira&nbsp;<\/strong>&#8211; Das 10:00h \u00e0s 17:00h<\/p>\n                  <\/div>\n                <\/div>\n              <\/div>\n            <\/div>\n          <\/div>\n        <\/div>\n      <\/div>\n    <\/div>\n  <\/div>\n<\/div>","protected":false},"excerpt":{"rendered":"<p>Chefe dos Servi\u00e7os Administrativos &nbsp;Carminda Ferreira Respons\u00e1vel pela Tesouraria &nbsp;Marta Soares &nbsp;A\u00e7\u00e3o Social Escolar Regina Pereira (substituta da chefe dos servi\u00e7os Administrativos) Assistentes Administrativos \u00c1rea Alunos Silvina Parente \u00c1rea de Pessoal Armanda Roque Catarina Gomes \u00c1rea de Contabilidade Madalena Abreu T\u00e2nia Rocha Manuela Correia Hor\u00e1rio de atendimento &nbsp;&nbsp;&nbsp;Segunda feira, Ter\u00e7a feira, Quinta feira e Sexta [&hellip;]<\/p>\n","protected":false},"author":1,"featured_media":0,"parent":0,"menu_order":0,"comment_status":"closed","ping_status":"closed","template":"page-templates\/full-width-page.php","meta":{"footnotes":""},"class_list":["post-3776","page","type-page","status-publish","hentry"],"_links":{"self":[{"href":"https:\/\/www.apjbrito.com\/index.php\/wp-json\/wp\/v2\/pages\/3776","targetHints":{"allow":["GET"]}}],"collection":[{"href":"https:\/\/www.apjbrito.com\/index.php\/wp-json\/wp\/v2\/pages"}],"about":[{"href":"https:\/\/www.apjbrito.com\/index.php\/wp-json\/wp\/v2\/types\/page"}],"author":[{"embeddable":true,"href":"https:\/\/www.apjbrito.com\/index.php\/wp-json\/wp\/v2\/users\/1"}],"replies":[{"embeddable":true,"href":"https:\/\/www.apjbrito.com\/index.php\/wp-json\/wp\/v2\/comments?post=3776"}],"version-history":[{"count":8,"href":"https:\/\/www.apjbrito.com\/index.php\/wp-json\/wp\/v2\/pages\/3776\/revisions"}],"predecessor-version":[{"id":5837,"href":"https:\/\/www.apjbrito.com\/index.php\/wp-json\/wp\/v2\/pages\/3776\/revisions\/5837"}],"wp:attachment":[{"href":"https:\/\/www.apjbrito.com\/index.php\/wp-json\/wp\/v2\/media?parent=3776"}],"curies":[{"name":"wp","href":"https:\/\/api.w.org\/{rel}","templated":true}]}}