{"id":3786,"date":"2025-05-31T18:49:59","date_gmt":"2025-05-31T18:49:59","guid":{"rendered":"https:\/\/www.apjbrito.com\/index.php\/reprografia\/"},"modified":"2025-05-31T18:51:58","modified_gmt":"2025-05-31T18:51:58","slug":"reprografia","status":"publish","type":"page","link":"https:\/\/www.apjbrito.com\/index.php\/reprografia\/","title":{"rendered":"Reprografia"},"content":{"rendered":"<div data-colibri-id=\"3786-c1\" class=\"style-1207 style-local-3786-c1 position-relative\">\n  <!---->\n  <div data-colibri-component=\"section\" data-colibri-id=\"3786-c2\" id=\"about\" class=\"h-section h-section-global-spacing d-flex align-items-lg-center align-items-md-center align-items-center style-1208 style-local-3786-c2 position-relative\">\n    <!---->\n    <!---->\n    <div class=\"h-section-grid-container h-section-boxed-container\">\n      <!---->\n      <div data-colibri-id=\"3786-c3\" class=\"h-row-container gutters-row-lg-0 gutters-row-md-0 gutters-row-0 gutters-row-v-lg-0 gutters-row-v-md-0 gutters-row-v-0 style-1209 style-local-3786-c3 position-relative\">\n        <!---->\n        <div class=\"h-row justify-content-lg-center justify-content-md-center justify-content-center align-items-lg-stretch align-items-md-stretch align-items-stretch gutters-col-lg-0 gutters-col-md-0 gutters-col-0 gutters-col-v-lg-0 gutters-col-v-md-0 gutters-col-v-0\">\n          <!---->\n          <div class=\"h-column h-column-container d-flex h-col-lg-auto h-col-md-auto h-col-auto style-1210-outer style-local-3786-c4-outer\">\n            <div data-colibri-id=\"3786-c4\" class=\"d-flex h-flex-basis h-column__inner h-px-lg-0 h-px-md-0 h-px-0 v-inner-lg-0 v-inner-md-0 v-inner-0 style-1210 style-local-3786-c4 position-relative\">\n              <!---->\n              <!---->\n              <div class=\"w-100 h-y-container h-column__content h-column__v-align flex-basis-100 align-self-lg-start align-self-md-start align-self-start\">\n                <!---->\n                <div data-colibri-id=\"3786-c7\" class=\"h-text h-text-component style-1213 style-local-3786-c7 position-relative h-element\">\n                  <!---->\n                  <!---->\n                  <div class=\"\">\n                    <p><strong>Hor\u00e1rio de funcionamento<\/strong>:&nbsp;&nbsp;08h15-12h15&nbsp;&nbsp;e&nbsp;&nbsp;13h15-16h15<\/p>\n                    <p>A&nbsp;<strong>Reprografia<\/strong>&nbsp;garante um servi\u00e7o de fotoc\u00f3pias para materiais did\u00e1ticos e de avalia\u00e7\u00e3o pedidos pelos professores e destinados aos alunos, que deve ser solicitado com&nbsp;48 horas de anteced\u00eancia.&nbsp;<\/p>\n                    <p>Os servi\u00e7os particulares prestados na Reprografia \u00e0 Comunidade Educativa s\u00e3o pagos, mediante o uso de cart\u00e3o, de acordo com uma tabela de pre\u00e7os, afixada em local vis\u00edvel.<\/p>\n                    <p><strong>Email para envio dos materiais a imprimir:&nbsp;<\/strong>\n                      <a href=\"mailto:reprografia@apjbrito.edu.pt\" style=\"color: rgb(3, 69, 191);\"><strong>reprografia@apjbrito.edu.pt<\/strong><\/a>\n                    <\/p>\n                    <p>\n                      <br>\n                    <\/p>\n                    <p><strong>Por favor, envie sempre os documentos em formato PDF<br>Respeite os prazos de envio.<\/strong><\/p>\n                    <p>\n                      <br>\n                    <\/p>\n                  <\/div>\n                <\/div>\n              <\/div>\n            <\/div>\n          <\/div>\n        <\/div>\n      <\/div>\n    <\/div>\n  <\/div>\n<\/div>","protected":false},"excerpt":{"rendered":"<p>Hor\u00e1rio de funcionamento:&nbsp;&nbsp;08h15-12h15&nbsp;&nbsp;e&nbsp;&nbsp;13h15-16h15 A&nbsp;Reprografia&nbsp;garante um servi\u00e7o de fotoc\u00f3pias para materiais did\u00e1ticos e de avalia\u00e7\u00e3o pedidos pelos professores e destinados aos alunos, que deve ser solicitado com&nbsp;48 horas de anteced\u00eancia.&nbsp; Os servi\u00e7os particulares prestados na Reprografia \u00e0 Comunidade Educativa s\u00e3o pagos, mediante o uso de cart\u00e3o, de acordo com uma tabela de pre\u00e7os, afixada em local [&hellip;]<\/p>\n","protected":false},"author":1,"featured_media":0,"parent":0,"menu_order":0,"comment_status":"closed","ping_status":"closed","template":"page-templates\/full-width-page.php","meta":{"footnotes":""},"class_list":["post-3786","page","type-page","status-publish","hentry"],"_links":{"self":[{"href":"https:\/\/www.apjbrito.com\/index.php\/wp-json\/wp\/v2\/pages\/3786","targetHints":{"allow":["GET"]}}],"collection":[{"href":"https:\/\/www.apjbrito.com\/index.php\/wp-json\/wp\/v2\/pages"}],"about":[{"href":"https:\/\/www.apjbrito.com\/index.php\/wp-json\/wp\/v2\/types\/page"}],"author":[{"embeddable":true,"href":"https:\/\/www.apjbrito.com\/index.php\/wp-json\/wp\/v2\/users\/1"}],"replies":[{"embeddable":true,"href":"https:\/\/www.apjbrito.com\/index.php\/wp-json\/wp\/v2\/comments?post=3786"}],"version-history":[{"count":1,"href":"https:\/\/www.apjbrito.com\/index.php\/wp-json\/wp\/v2\/pages\/3786\/revisions"}],"predecessor-version":[{"id":3789,"href":"https:\/\/www.apjbrito.com\/index.php\/wp-json\/wp\/v2\/pages\/3786\/revisions\/3789"}],"wp:attachment":[{"href":"https:\/\/www.apjbrito.com\/index.php\/wp-json\/wp\/v2\/media?parent=3786"}],"curies":[{"name":"wp","href":"https:\/\/api.w.org\/{rel}","templated":true}]}}