{"id":3796,"date":"2025-05-31T18:53:06","date_gmt":"2025-05-31T18:53:06","guid":{"rendered":"https:\/\/www.apjbrito.com\/index.php\/spo\/"},"modified":"2025-05-31T18:57:29","modified_gmt":"2025-05-31T18:57:29","slug":"spo","status":"publish","type":"page","link":"https:\/\/www.apjbrito.com\/index.php\/spo\/","title":{"rendered":"SPO"},"content":{"rendered":"<div data-colibri-id=\"3796-c1\" class=\"style-1214 style-local-3796-c1 position-relative\">\n  <!---->\n  <div data-colibri-component=\"section\" data-colibri-id=\"3796-c2\" id=\"about\" class=\"h-section h-section-global-spacing d-flex align-items-lg-center align-items-md-center align-items-center style-1215 style-local-3796-c2 position-relative\">\n    <div class=\"background-wrapper\">\n      <div class=\"background-layer background-layer-media-container-lg\">\n        <!---->\n        <div class=\"overlay-layer\">\n          <div class=\"overlay-image-layer\" style=\"background-color: rgb(231, 240, 249); opacity: 0.9;\"><\/div>\n        <\/div>\n      <\/div>\n      <div class=\"background-layer background-layer-media-container-md\">\n        <!---->\n        <div class=\"overlay-layer\">\n          <div class=\"overlay-image-layer\" style=\"background-color: rgb(231, 240, 249); opacity: 0.9;\"><\/div>\n        <\/div>\n      <\/div>\n      <div class=\"background-layer background-layer-media-container\">\n        <!---->\n        <div class=\"overlay-layer\">\n          <div class=\"overlay-image-layer\" style=\"background-color: rgb(231, 240, 249); opacity: 0.9;\"><\/div>\n        <\/div>\n      <\/div>\n    <\/div>\n    <!---->\n    <div class=\"h-section-grid-container h-section-boxed-container\">\n      <!---->\n      <div data-colibri-id=\"3796-c3\" class=\"h-row-container gutters-row-lg-0 gutters-row-md-0 gutters-row-0 gutters-row-v-lg-0 gutters-row-v-md-0 gutters-row-v-0 style-1216 style-local-3796-c3 position-relative\">\n        <!---->\n        <div class=\"h-row justify-content-lg-center justify-content-md-center justify-content-center align-items-lg-stretch align-items-md-stretch align-items-stretch gutters-col-lg-0 gutters-col-md-0 gutters-col-0 gutters-col-v-lg-0 gutters-col-v-md-0 gutters-col-v-0\">\n          <!---->\n          <div class=\"h-column h-column-container d-flex h-col-lg-auto h-col-md-auto h-col-auto style-1217-outer style-local-3796-c4-outer\">\n            <div data-colibri-id=\"3796-c4\" class=\"d-flex h-flex-basis h-column__inner h-px-lg-3 h-px-md-3 h-px-3 v-inner-lg-3 v-inner-md-3 v-inner-3 style-1217 style-local-3796-c4 position-relative\">\n              <!---->\n              <!---->\n              <div class=\"w-100 h-y-container h-column__content h-column__v-align flex-basis-100 align-self-lg-center align-self-md-center align-self-center\">\n                <!---->\n                <div data-colibri-id=\"3796-c6\" class=\"h-text h-text-component style-1219 style-local-3796-c6 position-relative h-element\">\n                  <!---->\n                  <!---->\n                  <div class=\"\">\n                    <h3>O QUE S\u00c3O OS SPO?<\/h3>\n                    <p>Os Servi\u00e7os de Psicologia e Orienta\u00e7\u00e3o, abreviadamente designados por SPO, s\u00e3o unidades de apoio educativo que, integradas na rede escolar, asseguram na prossecu\u00e7\u00e3o das suas atribui\u00e7\u00f5es e compet\u00eancias (Decreto-Lei 190\/91), o acompanhamento\n                      do aluno, individualmente ou em grupo, ao longo do processo educativo, bem como o apoio ao desenvolvimento do sistema de rela\u00e7\u00f5es interpessoais no interior da escola e entre esta e a comunidade.<\/p>\n                    <h3>&nbsp;<\/h3>\n                    <h3>\u00c1REAS DE INTERVEN\u00c7\u00c3O<\/h3>\n                    <p><strong>Apoio Psicopedag\u00f3gico<\/strong>\n                      <br>\n                      <br>Dar resposta a situa\u00e7\u00f5es problem\u00e1ticas relacionadas com o desenvolvimento pessoal, o comportamento e as aprendizagens.\n                      <br>\n                      <br><strong>Apoio ao Desenvolvimento do Sistema de Rela\u00e7\u00f5es<\/strong>\n                      <br>\n                      <br>Articular, na \u00e1rea da especialidade, com projectos e servi\u00e7os do contexto escolar e comunit\u00e1rio, que visem a identifica\u00e7\u00e3o e interven\u00e7\u00e3o em situa\u00e7\u00f5es problem\u00e1ticas de natureza s\u00f3cio &#8211; educativos.\n                      <br>&nbsp;\n                      <br><strong>Orienta\u00e7\u00e3o Escolar e Profissional<\/strong>\n                      <br>\n                      <br>Planear e executar ac\u00e7\u00f5es de informa\u00e7\u00e3o e apoio \u00e0 tomada de decis\u00e3o, garantindo a participa\u00e7\u00e3o activa dos alunos no desenvolvimento da sua identidade pessoal e na constru\u00e7\u00e3o do seu projecto de vida. Informar os pais\/encarregados\n                      de educa\u00e7\u00e3o sobre os poss\u00edveis percursos formativos.<\/p>\n                    <p>\n                      <br>\n                    <\/p>\n                  <\/div>\n                <\/div>\n              <\/div>\n            <\/div>\n          <\/div>\n          <div class=\"h-column h-column-container d-flex h-col-lg-auto h-col-md-auto h-col-auto style-1223-outer style-local-3796-c10-outer\">\n            <div data-colibri-id=\"3796-c10\" class=\"d-flex h-flex-basis h-column__inner h-px-lg-0 h-px-md-0 h-px-0 v-inner-lg-0 v-inner-md-0 v-inner-0 style-1223 style-local-3796-c10 position-relative\">\n              <!---->\n              <!---->\n              <div class=\"w-100 h-y-container h-column__content h-column__v-align flex-basis-100 align-self-lg-center align-self-md-end align-self-center\">\n                <!---->\n                <div data-colibri-id=\"3796-c11\" class=\"h-text h-text-component style-1219 style-local-3796-c11 position-relative h-element\">\n                  <!---->\n                  <!---->\n                  <div class=\"\">\n                    <h3>DESTINAT\u00c1RIOS<\/h3>\n                    <p>Alunos Pais\/Encarregados de educa\u00e7\u00e3o professores, Pessoal n\u00e3o docente, Outros significativos na educa\u00e7\u00e3o dos jovens.<\/p>\n                    <h3>COMO RECORRER?<\/h3>\n                    <p>Dirigindo-se \u00e0s instala\u00e7\u00f5es dos SPO ou atrav\u00e9s do contacto telef\u00f3nico: 258 830 037<\/p>\n                    <p><strong>Psic\u00f3loga<\/strong>: Maria da Silva<\/p>\n                    <p><strong>E-mail:&nbsp;<\/strong>\n                      <a href=\"mailto:maria.silva@apjbrito.edu.pt\" style=\"color: rgb(3, 69, 191);\"><strong>maria.silva@apjbrito.edu.pt<\/strong><\/a>\n                    <\/p>\n                    <p>Os atendimentos podem ser solicitados pelos pr\u00f3prios alunos, pelos seus encarregados de educa\u00e7\u00e3o, pelos diretores de turma, outros professores, pessoal n\u00e3o docente ou outros significativos.<\/p>\n                    <p>\n                      <br>\n                    <\/p>\n                    <p>\n                      <br>\n                    <\/p>\n                    <p>\n                      <br>\n                    <\/p>\n                    <p>\n                      <br>\n                    <\/p>\n                    <p>\n                      <br>\n                    <\/p>\n                    <p>\n                      <br>\n                    <\/p>\n                    <p>\n                      <br>\n                    <\/p>\n                    <p>\n                      <br>\n                    <\/p>\n                    <h3>\n                      <br>\n                    <\/h3>\n                    <p>\n                      <br>\n                    <\/p>\n                  <\/div>\n                <\/div>\n              <\/div>\n            <\/div>\n          <\/div>\n        <\/div>\n      <\/div>\n    <\/div>\n  <\/div>\n<\/div>","protected":false},"excerpt":{"rendered":"<p>O QUE S\u00c3O OS SPO? Os Servi\u00e7os de Psicologia e Orienta\u00e7\u00e3o, abreviadamente designados por SPO, s\u00e3o unidades de apoio educativo que, integradas na rede escolar, asseguram na prossecu\u00e7\u00e3o das suas atribui\u00e7\u00f5es e compet\u00eancias (Decreto-Lei 190\/91), o acompanhamento do aluno, individualmente ou em grupo, ao longo do processo educativo, bem como o apoio ao desenvolvimento do [&hellip;]<\/p>\n","protected":false},"author":1,"featured_media":0,"parent":0,"menu_order":0,"comment_status":"closed","ping_status":"closed","template":"page-templates\/full-width-page.php","meta":{"footnotes":""},"class_list":["post-3796","page","type-page","status-publish","hentry"],"_links":{"self":[{"href":"https:\/\/www.apjbrito.com\/index.php\/wp-json\/wp\/v2\/pages\/3796","targetHints":{"allow":["GET"]}}],"collection":[{"href":"https:\/\/www.apjbrito.com\/index.php\/wp-json\/wp\/v2\/pages"}],"about":[{"href":"https:\/\/www.apjbrito.com\/index.php\/wp-json\/wp\/v2\/types\/page"}],"author":[{"embeddable":true,"href":"https:\/\/www.apjbrito.com\/index.php\/wp-json\/wp\/v2\/users\/1"}],"replies":[{"embeddable":true,"href":"https:\/\/www.apjbrito.com\/index.php\/wp-json\/wp\/v2\/comments?post=3796"}],"version-history":[{"count":1,"href":"https:\/\/www.apjbrito.com\/index.php\/wp-json\/wp\/v2\/pages\/3796\/revisions"}],"predecessor-version":[{"id":3799,"href":"https:\/\/www.apjbrito.com\/index.php\/wp-json\/wp\/v2\/pages\/3796\/revisions\/3799"}],"wp:attachment":[{"href":"https:\/\/www.apjbrito.com\/index.php\/wp-json\/wp\/v2\/media?parent=3796"}],"curies":[{"name":"wp","href":"https:\/\/api.w.org\/{rel}","templated":true}]}}