{"id":3806,"date":"2025-05-31T19:00:18","date_gmt":"2025-05-31T19:00:18","guid":{"rendered":"https:\/\/www.apjbrito.com\/index.php\/educacao-especial\/"},"modified":"2025-05-31T19:03:54","modified_gmt":"2025-05-31T19:03:54","slug":"educacao-especial","status":"publish","type":"page","link":"https:\/\/www.apjbrito.com\/index.php\/educacao-especial\/","title":{"rendered":"Educa\u00e7\u00e3o Especial"},"content":{"rendered":"<div data-colibri-id=\"3806-c1\" class=\"style-1224 style-local-3806-c1 position-relative\">\n  <!---->\n  <div data-colibri-component=\"section\" data-colibri-id=\"3806-c2\" id=\"about\" class=\"h-section h-section-global-spacing d-flex align-items-lg-center align-items-md-center align-items-center style-1225 style-local-3806-c2 position-relative\">\n    <div class=\"background-wrapper\">\n      <div class=\"background-layer background-layer-media-container-lg\">\n        <!---->\n        <div class=\"overlay-layer\">\n          <div class=\"overlay-image-layer\" style=\"background-color: rgb(231, 240, 249); opacity: 0.9;\"><\/div>\n        <\/div>\n      <\/div>\n      <div class=\"background-layer background-layer-media-container-md\">\n        <!---->\n        <div class=\"overlay-layer\">\n          <div class=\"overlay-image-layer\" style=\"background-color: rgb(231, 240, 249); opacity: 0.9;\"><\/div>\n        <\/div>\n      <\/div>\n      <div class=\"background-layer background-layer-media-container\">\n        <!---->\n        <div class=\"overlay-layer\">\n          <div class=\"overlay-image-layer\" style=\"background-color: rgb(231, 240, 249); opacity: 0.9;\"><\/div>\n        <\/div>\n      <\/div>\n    <\/div>\n    <!---->\n    <div class=\"h-section-grid-container h-section-boxed-container\">\n      <!---->\n      <div data-colibri-id=\"3806-c3\" class=\"h-row-container gutters-row-lg-0 gutters-row-md-0 gutters-row-0 gutters-row-v-lg-0 gutters-row-v-md-0 gutters-row-v-0 style-1226 style-local-3806-c3 position-relative\">\n        <!---->\n        <div class=\"h-row justify-content-lg-center justify-content-md-center justify-content-center align-items-lg-stretch align-items-md-stretch align-items-stretch gutters-col-lg-0 gutters-col-md-0 gutters-col-0 gutters-col-v-lg-0 gutters-col-v-md-0 gutters-col-v-0\">\n          <!---->\n          <div class=\"h-column h-column-container d-flex h-col-lg-auto h-col-md-auto h-col-auto style-1227-outer style-local-3806-c4-outer\">\n            <div data-colibri-id=\"3806-c4\" class=\"d-flex h-flex-basis h-column__inner h-px-lg-3 h-px-md-3 h-px-3 v-inner-lg-3 v-inner-md-3 v-inner-3 style-1227 style-local-3806-c4 position-relative\">\n              <!---->\n              <!---->\n              <div class=\"w-100 h-y-container h-column__content h-column__v-align flex-basis-100 align-self-lg-center align-self-md-center align-self-center\">\n                <!---->\n                <div data-colibri-id=\"3806-c6\" class=\"h-text h-text-component style-1229 style-local-3806-c6 position-relative h-element\">\n                  <!---->\n                  <!---->\n                  <div class=\"\">\n                    <p><strong style=\"font-family: Arial, Arial_EmbeddedFont, Arial_MSFontService, sans-serif; font-size: 11pt;\">Educa\u00e7\u00e3o Especial:<\/strong><span style=\"font-family: Arial, Arial_EmbeddedFont, Arial_MSFontService, sans-serif; font-size: 11pt;\">&nbsp;<\/span><\/p>\n                    <p><span style=\"font-family: Arial, Arial_EmbeddedFont, Arial_MSFontService, sans-serif; font-size: 11pt;\">O Decreto-Lei n.\u00ba 54\/2018, de 6 de julho, alterado pela Lei n.\u00ba 116\/2019, de 13 de setembro, consolidou o paradigma inclusivo na educa\u00e7\u00e3o em Portugal, promovendo uma abordagem baseada nos princ\u00edpios de equidade, valoriza\u00e7\u00e3o da diversidade e personaliza\u00e7\u00e3o do ensino. Este diploma sublinha a import\u00e2ncia de garantir que todos os alunos, independentemente das suas caracter\u00edsticas ou necessidades espec\u00edficas, tenham acesso a uma educa\u00e7\u00e3o de qualidade que favore\u00e7a o seu pleno desenvolvimento e participa\u00e7\u00e3o ativa na sociedade.&nbsp;<\/span><\/p>\n                    <p><span style=\"font-family: Arial, Arial_EmbeddedFont, Arial_MSFontService, sans-serif; font-size: 11pt;\">Neste enquadramento, a Educa\u00e7\u00e3o Especial assume um papel determinante, ao assegurar os apoios indispens\u00e1veis a alunos com necessidades de sa\u00fade, cognitivas, sensoriais ou emocionais. Mais do que a simples integra\u00e7\u00e3o, a Educa\u00e7\u00e3o Especial promove uma verdadeira inclus\u00e3o, onde a diversidade \u00e9 encarada como uma riqueza a ser valorizada, em vez de um obst\u00e1culo a ser superado. Este modelo inclusivo contribui para o desenvolvimento integral das compet\u00eancias individuais de cada aluno e para a edifica\u00e7\u00e3o de uma sociedade mais justa, solid\u00e1ria e igualit\u00e1ria.&nbsp;<\/span><\/p>\n                    <p><span style=\"font-family: Arial, Arial_EmbeddedFont, Arial_MSFontService, sans-serif; font-size: 11pt;\">Coordenadora do Grupo de Educa\u00e7\u00e3o Especial: Maria Isabel Carvalho&nbsp;<\/span><\/p>\n                    <p><span style=\"font-family: Arial, Arial_EmbeddedFont, Arial_MSFontService, sans-serif; font-size: 11pt;\">E-mail: <\/span>\n                      <a href=\"mailto:isabel.carvalho@apjbrito.edu.pt\" rel=\"noreferrer noopener\" target=\"_blank\" style=\"font-family: Arial, Arial_EmbeddedFont, Arial_MSFontService, sans-serif; font-size: 11pt; color: rgb(70, 120, 134);\">isabel.carvalho@apjbrito.edu.pt<\/a><span style=\"font-family: Arial, Arial_EmbeddedFont, Arial_MSFontService, sans-serif; font-size: 11pt;\">&nbsp;&nbsp;<\/span><\/p>\n                    <p>\n                      <br>\n                    <\/p>\n                  <\/div>\n                <\/div>\n              <\/div>\n            <\/div>\n          <\/div>\n          <div class=\"h-column h-column-container d-flex h-col-lg-auto h-col-md-auto h-col-auto style-1233-outer style-local-3806-c10-outer\">\n            <div data-colibri-id=\"3806-c10\" class=\"d-flex h-flex-basis h-column__inner h-ui-empty-state-container h-px-lg-0 h-px-md-0 h-px-0 v-inner-lg-0 v-inner-md-0 v-inner-0 style-1233 style-local-3806-c10 position-relative\">\n              <!---->\n              <!---->\n              <div class=\"w-100 h-y-container h-column__content h-column__v-align flex-basis-100\">\n                <!---->\n              <\/div>\n            <\/div>\n          <\/div>\n        <\/div>\n      <\/div>\n    <\/div>\n  <\/div>\n<\/div>","protected":false},"excerpt":{"rendered":"<p>Educa\u00e7\u00e3o Especial:&nbsp; O Decreto-Lei n.\u00ba 54\/2018, de 6 de julho, alterado pela Lei n.\u00ba 116\/2019, de 13 de setembro, consolidou o paradigma inclusivo na educa\u00e7\u00e3o em Portugal, promovendo uma abordagem baseada nos princ\u00edpios de equidade, valoriza\u00e7\u00e3o da diversidade e personaliza\u00e7\u00e3o do ensino. Este diploma sublinha a import\u00e2ncia de garantir que todos os alunos, independentemente das [&hellip;]<\/p>\n","protected":false},"author":1,"featured_media":0,"parent":0,"menu_order":0,"comment_status":"closed","ping_status":"closed","template":"page-templates\/full-width-page.php","meta":{"footnotes":""},"class_list":["post-3806","page","type-page","status-publish","hentry"],"_links":{"self":[{"href":"https:\/\/www.apjbrito.com\/index.php\/wp-json\/wp\/v2\/pages\/3806","targetHints":{"allow":["GET"]}}],"collection":[{"href":"https:\/\/www.apjbrito.com\/index.php\/wp-json\/wp\/v2\/pages"}],"about":[{"href":"https:\/\/www.apjbrito.com\/index.php\/wp-json\/wp\/v2\/types\/page"}],"author":[{"embeddable":true,"href":"https:\/\/www.apjbrito.com\/index.php\/wp-json\/wp\/v2\/users\/1"}],"replies":[{"embeddable":true,"href":"https:\/\/www.apjbrito.com\/index.php\/wp-json\/wp\/v2\/comments?post=3806"}],"version-history":[{"count":2,"href":"https:\/\/www.apjbrito.com\/index.php\/wp-json\/wp\/v2\/pages\/3806\/revisions"}],"predecessor-version":[{"id":3816,"href":"https:\/\/www.apjbrito.com\/index.php\/wp-json\/wp\/v2\/pages\/3806\/revisions\/3816"}],"wp:attachment":[{"href":"https:\/\/www.apjbrito.com\/index.php\/wp-json\/wp\/v2\/media?parent=3806"}],"curies":[{"name":"wp","href":"https:\/\/api.w.org\/{rel}","templated":true}]}}