{"id":3822,"date":"2025-05-31T19:04:11","date_gmt":"2025-05-31T19:04:11","guid":{"rendered":"https:\/\/www.apjbrito.com\/index.php\/emaei\/"},"modified":"2025-07-19T13:12:27","modified_gmt":"2025-07-19T13:12:27","slug":"emaei","status":"publish","type":"page","link":"https:\/\/www.apjbrito.com\/index.php\/emaei\/","title":{"rendered":"EMAEI"},"content":{"rendered":"<div data-colibri-id=\"3822-c1\" class=\"style-1234 style-local-3822-c1 position-relative\">\n  <!---->\n  <div data-colibri-component=\"section\" data-colibri-id=\"3822-c2\" id=\"about\" class=\"h-section h-section-global-spacing d-flex align-items-lg-center align-items-md-center align-items-center style-1235 style-local-3822-c2 position-relative\">\n    <div class=\"background-wrapper\">\n      <div class=\"background-layer background-layer-media-container-lg\">\n        <!---->\n        <div class=\"overlay-layer\">\n          <div class=\"overlay-image-layer\" style=\"background-color: rgb(231, 240, 249); opacity: 0.9;\"><\/div>\n        <\/div>\n      <\/div>\n      <div class=\"background-layer background-layer-media-container-md\">\n        <!---->\n        <div class=\"overlay-layer\">\n          <div class=\"overlay-image-layer\" style=\"background-color: rgb(231, 240, 249); opacity: 0.9;\"><\/div>\n        <\/div>\n      <\/div>\n      <div class=\"background-layer background-layer-media-container\">\n        <!---->\n        <div class=\"overlay-layer\">\n          <div class=\"overlay-image-layer\" style=\"background-color: rgb(231, 240, 249); opacity: 0.9;\"><\/div>\n        <\/div>\n      <\/div>\n    <\/div>\n    <!---->\n    <div class=\"h-section-grid-container h-section-fluid-container\">\n      <!---->\n      <div data-colibri-id=\"3822-c3\" class=\"h-row-container gutters-row-lg-1 gutters-row-md-0 gutters-row-0 gutters-row-v-lg-1 gutters-row-v-md-1 gutters-row-v-0 style-1236 style-local-3822-c3 position-relative\">\n        <!---->\n        <div class=\"h-row justify-content-lg-center justify-content-md-center justify-content-center align-items-lg-stretch align-items-md-stretch align-items-stretch gutters-col-lg-1 gutters-col-md-0 gutters-col-0 gutters-col-v-lg-1 gutters-col-v-md-1 gutters-col-v-0\">\n          <!---->\n          <div class=\"h-column h-column-container d-flex h-col-lg-auto h-col-md-auto h-col-auto style-1237-outer style-local-3822-c4-outer\">\n            <div data-colibri-id=\"3822-c4\" class=\"d-flex h-flex-basis h-column__inner h-px-lg-3 h-px-md-3 h-px-3 v-inner-lg-3 v-inner-md-3 v-inner-3 style-1237 style-local-3822-c4 position-relative\">\n              <!---->\n              <!---->\n              <div class=\"w-100 h-y-container h-column__content h-column__v-align flex-basis-100 align-self-lg-center align-self-md-center align-self-center\">\n                <!---->\n                <div data-colibri-id=\"3822-c5\" class=\"h-text h-text-component style-1239 style-local-3822-c5 position-relative h-element\">\n                  <!---->\n                  <!---->\n                  <div class=\"\">\n                    <p><strong style=\"font-size: 11pt; font-family: Arial, Arial_EmbeddedFont, Arial_MSFontService, sans-serif;\">Equipa Multidisciplinar de Apoio \u00e0 Educa\u00e7\u00e3o Inclusiva:<\/strong><span style=\"font-size: 11pt; font-family: Arial, Arial_EmbeddedFont, Arial_MSFontService, sans-serif;\">&nbsp;<\/span><\/p>\n                    <p><span style=\"font-size: 11pt; font-family: Arial, Arial_EmbeddedFont, Arial_MSFontService, sans-serif;\">Ao abrigo do Decreto-Lei n.\u00ba 54\/2018, de 6 de julho, alterado pela Lei n.\u00ba 116\/2019, de 13 de setembro, que regula o regime jur\u00eddico da educa\u00e7\u00e3o inclusiva em Portugal, a Equipa Multidisciplinar de Apoio \u00e0 Educa\u00e7\u00e3o Inclusiva (EMAEI) desempenha um papel central no planeamento, implementa\u00e7\u00e3o e monitoriza\u00e7\u00e3o de medidas de inclus\u00e3o nas escolas. Esta equipa constitui um mecanismo essencial para assegurar a adequa\u00e7\u00e3o das pr\u00e1ticas educativas \u00e0s necessidades e caracter\u00edsticas de todos os alunos, promovendo uma verdadeira inclus\u00e3o escolar.&nbsp;<\/span><\/p>\n                    <p><span style=\"font-size: 11pt; font-family: Arial, Arial_EmbeddedFont, Arial_MSFontService, sans-serif;\">A EMAEI \u00e9 composta por profissionais de diversas \u00e1reas, incluindo docentes, t\u00e9cnicos especializados e outros elementos que integrem o quadro das escolas, como psic\u00f3logos e terapeutas. Esta diversidade garante uma abordagem interdisciplinar e abrangente na identifica\u00e7\u00e3o e resposta \u00e0s necessidades dos alunos.&nbsp;<\/span><\/p>\n                    <p><span style=\"font-size: 11pt; font-family: Arial, Arial_EmbeddedFont, Arial_MSFontService, sans-serif;\">As principais responsabilidades da EMAEI incluem a identifica\u00e7\u00e3o das necessidades dos alunos, avaliando as suas caracter\u00edsticas individuais para propor as medidas de suporte \u00e0 aprendizagem e inclus\u00e3o mais adequadas; o planeamento e a implementa\u00e7\u00e3o de estrat\u00e9gias educativas que promovam o sucesso escolar e a inclus\u00e3o; o acompanhamento e monitoriza\u00e7\u00e3o da efic\u00e1cia das medidas implementadas, propondo reajustes sempre que necess\u00e1rio; a articula\u00e7\u00e3o entre a escola, os encarregados de educa\u00e7\u00e3o e outros agentes da comunidade educativa, promovendo a comunica\u00e7\u00e3o e a coopera\u00e7\u00e3o; e o apoio t\u00e9cnico e pedag\u00f3gico aos docentes no \u00e2mbito da adapta\u00e7\u00e3o curricular, metodologias de ensino e gest\u00e3o de sala de aula.&nbsp;<\/span><\/p>\n                    <p><span style=\"font-size: 11pt; font-family: Arial, Arial_EmbeddedFont, Arial_MSFontService, sans-serif;\"><span class=\"ql-cursor\">\ufeff<\/span>A EMAEI \u00e9 um pilar fundamental no sistema de educa\u00e7\u00e3o inclusiva, assegurando que as escolas t\u00eam\n                      capacidade para responder \u00e0 diversidade dos seus alunos. Ao integrar diferentes perspetivas e \u00e1reas de conhecimento, esta equipa contribui para promover a equidade no acesso \u00e0s oportunidades de aprendizagem, garantir que todos os\n                      alunos, incluindo aqueles com necessidades espec\u00edficas, desenvolvam as suas potencialidades em ambientes educativos inclusivos e refor\u00e7ar a articula\u00e7\u00e3o entre os diferentes intervenientes educativos, fomentando uma cultura de corresponsabilidade\n                      e coopera\u00e7\u00e3o. Desta forma, a EMAEI desempenha um papel determinante na constru\u00e7\u00e3o de uma escola inclusiva, onde a diversidade \u00e9 respeitada e valorizada como um elemento enriquecedor do processo educativo.&nbsp;<\/span>\n                    <\/p>\n                    <p><span style=\"font-size: 11pt; font-family: Arial, Arial_EmbeddedFont, Arial_MSFontService, sans-serif;\">Coordenadora da EMAEI: Maria Isabel Carvalho&nbsp;<\/span><\/p>\n                    <p><span style=\"font-size: 11pt; font-family: Arial, Arial_EmbeddedFont, Arial_MSFontService, sans-serif;\">E-mail:&nbsp;<\/span>\n                      <a href=\"mailto:isabel.carvalho@apjbrito.edu.pt\" target=\"_blank\" rel=\"noreferrer noopener\" style=\"font-size: 11pt; font-family: Arial, Arial_EmbeddedFont, Arial_MSFontService, sans-serif; color: rgb(70, 120, 134); font-weight: 400;\">isabel.carvalho@apjbrito.edu.pt<\/a>\n                    <\/p>\n                    <p>\n                      <br>\n                    <\/p>\n                    <p>\n                      <br>\n                    <\/p>\n                    <p><span style=\"font-size: 11pt; font-family: Arial, Arial_EmbeddedFont, Arial_MSFontService, sans-serif;\"><span class=\"ql-cursor\"><br>\ufeff<\/span><\/span>\n                    <\/p>\n                    <p>\n                      <br>\n                    <\/p>\n                    <p>\n                      <br>\n                    <\/p>\n                  <\/div>\n                <\/div>\n              <\/div>\n            <\/div>\n          <\/div>\n          <div class=\"h-column h-column-container d-flex h-col-lg-auto h-col-md-auto h-col-auto style-1415-outer style-local-3822-c6-outer\">\n            <div data-colibri-id=\"3822-c6\" class=\"d-flex h-flex-basis h-column__inner h-px-lg-0 h-px-md-0 h-px-0 v-inner-lg-0 v-inner-md-0 v-inner-0 style-1415 style-local-3822-c6 position-relative\">\n              <!---->\n              <!---->\n              <div class=\"w-100 h-y-container h-column__content h-column__v-align flex-basis-100 align-self-lg-start align-self-md-start align-self-start\">\n                <!---->\n                <div data-colibri-id=\"3822-c7\" class=\"style-1416 style-local-3822-c7 position-relative h-element\">\n                  <!---->\n                  <div class=\"\">\n                    <iframe loading=\"lazy\" src=\"https:\/\/padlet.com\/isabelcarvalho14\/emaei-ba4hob7hmfel2820\" width=\"100%\" height=\"600\" style=\"border:none;\" allow=\"camera; microphone; geolocation\"><\/iframe>\n                  <\/div>\n                <\/div>\n              <\/div>\n            <\/div>\n          <\/div>\n        <\/div>\n      <\/div>\n    <\/div>\n  <\/div>\n<\/div>","protected":false},"excerpt":{"rendered":"<p>Equipa Multidisciplinar de Apoio \u00e0 Educa\u00e7\u00e3o Inclusiva:&nbsp; Ao abrigo do Decreto-Lei n.\u00ba 54\/2018, de 6 de julho, alterado pela Lei n.\u00ba 116\/2019, de 13 de setembro, que regula o regime jur\u00eddico da educa\u00e7\u00e3o inclusiva em Portugal, a Equipa Multidisciplinar de Apoio \u00e0 Educa\u00e7\u00e3o Inclusiva (EMAEI) desempenha um papel central no planeamento, implementa\u00e7\u00e3o e monitoriza\u00e7\u00e3o de [&hellip;]<\/p>\n","protected":false},"author":1,"featured_media":0,"parent":0,"menu_order":0,"comment_status":"closed","ping_status":"closed","template":"page-templates\/full-width-page.php","meta":{"footnotes":""},"class_list":["post-3822","page","type-page","status-publish","hentry"],"_links":{"self":[{"href":"https:\/\/www.apjbrito.com\/index.php\/wp-json\/wp\/v2\/pages\/3822","targetHints":{"allow":["GET"]}}],"collection":[{"href":"https:\/\/www.apjbrito.com\/index.php\/wp-json\/wp\/v2\/pages"}],"about":[{"href":"https:\/\/www.apjbrito.com\/index.php\/wp-json\/wp\/v2\/types\/page"}],"author":[{"embeddable":true,"href":"https:\/\/www.apjbrito.com\/index.php\/wp-json\/wp\/v2\/users\/1"}],"replies":[{"embeddable":true,"href":"https:\/\/www.apjbrito.com\/index.php\/wp-json\/wp\/v2\/comments?post=3822"}],"version-history":[{"count":6,"href":"https:\/\/www.apjbrito.com\/index.php\/wp-json\/wp\/v2\/pages\/3822\/revisions"}],"predecessor-version":[{"id":4839,"href":"https:\/\/www.apjbrito.com\/index.php\/wp-json\/wp\/v2\/pages\/3822\/revisions\/4839"}],"wp:attachment":[{"href":"https:\/\/www.apjbrito.com\/index.php\/wp-json\/wp\/v2\/media?parent=3822"}],"curies":[{"name":"wp","href":"https:\/\/api.w.org\/{rel}","templated":true}]}}